{"id":1117,"date":"2025-03-28T18:10:03","date_gmt":"2025-03-28T17:10:03","guid":{"rendered":"https:\/\/viksimo.grajnert.com\/?page_id=1117"},"modified":"2025-04-08T17:02:16","modified_gmt":"2025-04-08T15:02:16","slug":"conservation-des-escargots","status":"publish","type":"page","link":"https:\/\/viksimo.com\/en\/blog-escargots\/conservation-des-escargots\/","title":{"rendered":"Storage and freshness"},"content":{"rendered":"<p>[et_pb_section fb_built=\u00a0\u00bb1&Prime; custom_padding_last_edited=\u00a0\u00bboff|desktop\u00a0\u00bb admin_label=\u00a0\u00bbHeader Section\u00a0\u00bb _builder_version=\u00a0\u00bb4.27.4&Prime; background_enable_color=\u00a0\u00bboff\u00a0\u00bb use_background_color_gradient=\u00a0\u00bbon\u00a0\u00bb background_color_gradient_stops=\u00a0\u00bb#f3ebdc 21%|rgba(255,255,255,0) 100%\u00a0\u00bb background_color_gradient_overlays_image=\u00a0\u00bbon\u00a0\u00bb background_color_gradient_start=\u00a0\u00bb#ffffff\u00a0\u00bb background_color_gradient_start_position=\u00a0\u00bb40%\u00a0\u00bb background_color_gradient_end=\u00a0\u00bbrgba(255,255,255,0)\u00a0\u00bb background_image=\u00a0\u00bbhttps:\/\/viksimo.com\/wp-content\/uploads\/2025\/02\/filling-snails-with-garlic-butter-and-fresh-herbs-2023-11-27-05-20-09-utc.jpg\u00a0\u00bb width=\u00a0\u00bb100%\u00a0\u00bb custom_margin=\u00a0\u00bb0px||0px||false|false\u00a0\u00bb custom_padding=\u00a0\u00bb19px|0px|50px|0px|false|false\u00a0\u00bb custom_padding_tablet=\u00a0\u00bb320px|0px|0px|0px\u00a0\u00bb global_colors_info=\u00a0\u00bb{}\u00a0\u00bb][et_pb_row _builder_version=\u00a0\u00bb4.27.4&Prime; _module_preset=\u00a0\u00bbdefault\u00a0\u00bb locked=\u00a0\u00bboff\u00a0\u00bb global_colors_info=\u00a0\u00bb{}\u00a0\u00bb][et_pb_column type=\u00a0\u00bb4_4&Prime; _builder_version=\u00a0\u00bb4.27.4&Prime; _module_preset=\u00a0\u00bbdefault\u00a0\u00bb global_colors_info=\u00a0\u00bb{}\u00a0\u00bb][et_pb_blurb title=\u00a0\u00bbConservation des escargots vivants \u2013 fra\u00eecheur garantie\u00a0\u00bb use_icon=\u00a0\u00bbon\u00a0\u00bb _builder_version=\u00a0\u00bb4.27.4&Prime; _module_preset=\u00a0\u00bbdefault\u00a0\u00bb header_level=\u00a0\u00bbh1&Prime; header_text_align=\u00a0\u00bbcenter\u00a0\u00bb header_text_color=\u00a0\u00bb#30191E\u00a0\u00bb header_font_size=\u00a0\u00bb34px\u00a0\u00bb body_text_align=\u00a0\u00bbcenter\u00a0\u00bb body_text_color=\u00a0\u00bb#30191E\u00a0\u00bb body_font_size=\u00a0\u00bb16px\u00a0\u00bb custom_margin=\u00a0\u00bb|2px||||\u00a0\u00bb custom_padding=\u00a0\u00bb||0px|||\u00a0\u00bb global_colors_info=\u00a0\u00bb{}\u00a0\u00bb][\/et_pb_blurb][et_pb_button button_url=\u00a0\u00bb@ET-DC@eyJkeW5hbWljIjp0cnVlLCJjb250ZW50IjoicG9zdF9saW5rX3VybF9wYWdlIiwic2V0dGluZ3MiOnsicG9zdF9pZCI6IjEwMjAifX0=@\u00a0\u00bb button_text=\u00a0\u00bbNOTRE BLOG\u00a0\u00bb button_alignment=\u00a0\u00bbcenter\u00a0\u00bb _builder_version=\u00a0\u00bb4.27.4&Prime; _dynamic_attributes=\u00a0\u00bbbutton_url\u00a0\u00bb _module_preset=\u00a0\u00bbdefault\u00a0\u00bb custom_button=\u00a0\u00bbon\u00a0\u00bb button_text_size=\u00a0\u00bb15px\u00a0\u00bb global_colors_info=\u00a0\u00bb{}\u00a0\u00bb][\/et_pb_button][et_pb_text _builder_version=\u00a0\u00bb4.27.4&Prime; _module_preset=\u00a0\u00bbdefault\u00a0\u00bb text_font_size=\u00a0\u00bb16px\u00a0\u00bb header_2_text_align=\u00a0\u00bbcenter\u00a0\u00bb header_2_text_color=\u00a0\u00bb#30191E\u00a0\u00bb header_2_font_size=\u00a0\u00bb20px\u00a0\u00bb custom_padding=\u00a0\u00bb||0px|||\u00a0\u00bb global_colors_info=\u00a0\u00bb{}\u00a0\u00bb]<\/p>\n<h2>Que trouverez-vous dans cette cat\u00e9gorie?<\/h2>\n<p data-start=\"385\" data-end=\"732\" class=\"\" style=\"text-align: center;\">Tu veux savoir comment conserver tes escargots vivants?<br data-start=\"713\" data-end=\"716\" \/>Dans cette section, on t\u2019explique tout: dur\u00e9e de conservation, conditions id\u00e9ales, temp\u00e9rature, hygi\u00e8ne, stockage et signes de fra\u00eecheur.<br data-start=\"854\" data-end=\"857\" \/>Tous nos conseils sont bas\u00e9s sur l\u2019exp\u00e9rience directe d\u2019\u00e9leveurs sp\u00e9cialis\u00e9s.<\/p>\n<p>[\/et_pb_text][et_pb_text _builder_version=\u00a0\u00bb4.27.4&Prime; _module_preset=\u00a0\u00bbdefault\u00a0\u00bb text_font_size=\u00a0\u00bb16px\u00a0\u00bb header_text_color=\u00a0\u00bb#30191E\u00a0\u00bb header_3_text_color=\u00a0\u00bb#30191E\u00a0\u00bb header_3_font_size=\u00a0\u00bb20px\u00a0\u00bb global_colors_info=\u00a0\u00bb{}\u00a0\u00bb]<\/p>\n<h3 style=\"text-align: center;\"><strong data-start=\"976\" data-end=\"1033\">Tout savoir sur la conservation des escargots vivants<\/strong><\/h3>\n<p style=\"text-align: center;\">Retrouve ici des articles pratiques sur la mani\u00e8re de garder tes escargots en bon \u00e9tat: stockage, erreurs \u00e0 \u00e9viter, m\u00e9thodes naturelles et recommandations.<\/p>\n<p>[\/et_pb_text][et_pb_blog fullwidth=\u00a0\u00bboff\u00a0\u00bb posts_number=\u00a0\u00bb9&Prime; include_categories=\u00a0\u00bb95&Prime; show_thumbnail=\u00a0\u00bboff\u00a0\u00bb use_manual_excerpt=\u00a0\u00bboff\u00a0\u00bb show_categories=\u00a0\u00bboff\u00a0\u00bb show_excerpt=\u00a0\u00bboff\u00a0\u00bb masonry_tile_background_color=\u00a0\u00bb#F3EBDC\u00a0\u00bb _builder_version=\u00a0\u00bb4.27.4&Prime; _module_preset=\u00a0\u00bbdefault\u00a0\u00bb header_level=\u00a0\u00bbh3&Prime; header_text_color=\u00a0\u00bb#30191E\u00a0\u00bb header_font_size=\u00a0\u00bb18px\u00a0\u00bb meta_text_color=\u00a0\u00bb#30191E\u00a0\u00bb meta_font_size=\u00a0\u00bb14px\u00a0\u00bb meta_line_height=\u00a0\u00bb1em\u00a0\u00bb pagination_font=\u00a0\u00bb|800|||||||\u00a0\u00bb pagination_text_color=\u00a0\u00bb#30191E\u00a0\u00bb pagination_font_size=\u00a0\u00bb20px\u00a0\u00bb transform_scale_last_edited=\u00a0\u00bboff|desktop\u00a0\u00bb transform_translate_last_edited=\u00a0\u00bboff|desktop\u00a0\u00bb transform_rotate_last_edited=\u00a0\u00bboff|desktop\u00a0\u00bb transform_skew_last_edited=\u00a0\u00bboff|desktop\u00a0\u00bb transform_origin_last_edited=\u00a0\u00bboff|desktop\u00a0\u00bb transform_styles_last_edited=\u00a0\u00bboff|desktop\u00a0\u00bb text_orientation=\u00a0\u00bbleft\u00a0\u00bb width=\u00a0\u00bb100%\u00a0\u00bb max_width=\u00a0\u00bb100%\u00a0\u00bb min_height=\u00a0\u00bb100px\u00a0\u00bb height=\u00a0\u00bb100px\u00a0\u00bb max_height=\u00a0\u00bb1000px\u00a0\u00bb animation_style=\u00a0\u00bbzoom\u00a0\u00bb animation_duration=\u00a0\u00bb800ms\u00a0\u00bb animation_delay=\u00a0\u00bb100ms\u00a0\u00bb hover_enabled=\u00a0\u00bb0&Prime; pagination_text_shadow_style=\u00a0\u00bbpreset3&Prime; pagination_text_shadow_color=\u00a0\u00bb#DCCBAF\u00a0\u00bb border_width_all=\u00a0\u00bb2px\u00a0\u00bb border_color_all=\u00a0\u00bb#30191E\u00a0\u00bb box_shadow_style=\u00a0\u00bbpreset1&Prime; box_shadow_blur=\u00a0\u00bb35px\u00a0\u00bb box_shadow_color=\u00a0\u00bbgcid-heading-color\u00a0\u00bb global_colors_info=\u00a0\u00bb{%22gcid-heading-color%22:%91%22box_shadow_color%22%93}\u00a0\u00bb transform_styles__hover_enabled=\u00a0\u00bboff|desktop\u00a0\u00bb transform_scale__hover_enabled=\u00a0\u00bboff|desktop\u00a0\u00bb transform_translate__hover_enabled=\u00a0\u00bboff|desktop\u00a0\u00bb transform_rotate__hover_enabled=\u00a0\u00bboff|desktop\u00a0\u00bb transform_skew__hover_enabled=\u00a0\u00bboff|desktop\u00a0\u00bb transform_origin__hover_enabled=\u00a0\u00bboff|desktop\u00a0\u00bb sticky_enabled=\u00a0\u00bb0&Prime;][\/et_pb_blog][\/et_pb_column][\/et_pb_row][et_pb_row column_structure=\u00a0\u00bb1_3,1_3,1_3&Prime; _builder_version=\u00a0\u00bb4.27.4&Prime; _module_preset=\u00a0\u00bbdefault\u00a0\u00bb module_alignment=\u00a0\u00bbcenter\u00a0\u00bb locked=\u00a0\u00bboff\u00a0\u00bb global_colors_info=\u00a0\u00bb{}\u00a0\u00bb][et_pb_column type=\u00a0\u00bb1_3&Prime; _builder_version=\u00a0\u00bb4.27.4&Prime; _module_preset=\u00a0\u00bbdefault\u00a0\u00bb global_colors_info=\u00a0\u00bb{}\u00a0\u00bb][et_pb_button button_url=\u00a0\u00bb@ET-DC@eyJkeW5hbWljIjp0cnVlLCJjb250ZW50IjoicG9zdF9saW5rX3VybF9wYWdlIiwic2V0dGluZ3MiOnsicG9zdF9pZCI6IjE1In19@\u00a0\u00bb button_text=\u00a0\u00bbD\u00c9COUVREZ NOTRE FERME\u00a0\u00bb button_alignment=\u00a0\u00bbcenter\u00a0\u00bb _builder_version=\u00a0\u00bb4.27.4&Prime; _dynamic_attributes=\u00a0\u00bbbutton_url\u00a0\u00bb _module_preset=\u00a0\u00bbdefault\u00a0\u00bb custom_button=\u00a0\u00bbon\u00a0\u00bb button_text_size=\u00a0\u00bb18px\u00a0\u00bb button_text_color=\u00a0\u00bb#30191E\u00a0\u00bb button_bg_color=\u00a0\u00bb#F3EBDC\u00a0\u00bb button_border_width=\u00a0\u00bb2px\u00a0\u00bb button_border_color=\u00a0\u00bb#30191E\u00a0\u00bb global_colors_info=\u00a0\u00bb{}\u00a0\u00bb][\/et_pb_button][\/et_pb_column][et_pb_column type=\u00a0\u00bb1_3&Prime; _builder_version=\u00a0\u00bb4.27.4&Prime; _module_preset=\u00a0\u00bbdefault\u00a0\u00bb global_colors_info=\u00a0\u00bb{}\u00a0\u00bb][et_pb_button button_url=\u00a0\u00bb@ET-DC@eyJkeW5hbWljIjp0cnVlLCJjb250ZW50IjoicG9zdF9saW5rX3VybF9wYWdlIiwic2V0dGluZ3MiOnsicG9zdF9pZCI6IjEwNSJ9fQ==@\u00a0\u00bb button_text=\u00a0\u00bbNOTRE ESCARGOTS\u00a0\u00bb button_alignment=\u00a0\u00bbcenter\u00a0\u00bb _builder_version=\u00a0\u00bb4.27.4&Prime; _dynamic_attributes=\u00a0\u00bbbutton_url\u00a0\u00bb _module_preset=\u00a0\u00bbdefault\u00a0\u00bb custom_button=\u00a0\u00bbon\u00a0\u00bb button_text_size=\u00a0\u00bb18px\u00a0\u00bb button_text_color=\u00a0\u00bb#30191E\u00a0\u00bb button_bg_color=\u00a0\u00bb#F3EBDC\u00a0\u00bb button_border_width=\u00a0\u00bb2px\u00a0\u00bb button_border_color=\u00a0\u00bb#30191E\u00a0\u00bb global_colors_info=\u00a0\u00bb{}\u00a0\u00bb][\/et_pb_button][\/et_pb_column][et_pb_column type=\u00a0\u00bb1_3&Prime; _builder_version=\u00a0\u00bb4.27.4&Prime; _module_preset=\u00a0\u00bbdefault\u00a0\u00bb global_colors_info=\u00a0\u00bb{}\u00a0\u00bb][et_pb_button button_url=\u00a0\u00bb@ET-DC@eyJkeW5hbWljIjp0cnVlLCJjb250ZW50IjoicG9zdF9saW5rX3VybF9wYWdlIiwic2V0dGluZ3MiOnsicG9zdF9pZCI6IjEyMCJ9fQ==@\u00a0\u00bb button_text=\u00a0\u00bbNETTOYAGE DES ESCARGOTS\u00a0\u00bb button_alignment=\u00a0\u00bbcenter\u00a0\u00bb _builder_version=\u00a0\u00bb4.27.4&Prime; _dynamic_attributes=\u00a0\u00bbbutton_url\u00a0\u00bb _module_preset=\u00a0\u00bbdefault\u00a0\u00bb custom_button=\u00a0\u00bbon\u00a0\u00bb button_text_size=\u00a0\u00bb18px\u00a0\u00bb button_text_color=\u00a0\u00bb#30191E\u00a0\u00bb button_bg_color=\u00a0\u00bb#F3EBDC\u00a0\u00bb button_border_width=\u00a0\u00bb2px\u00a0\u00bb button_border_color=\u00a0\u00bb#30191E\u00a0\u00bb global_colors_info=\u00a0\u00bb{}\u00a0\u00bb][\/et_pb_button][\/et_pb_column][\/et_pb_row][\/et_pb_section][et_pb_section fb_built=\u00a0\u00bb1&Prime; admin_label=\u00a0\u00bbFooter Section\u00a0\u00bb _builder_version=\u00a0\u00bb4.27.4&Prime; background_color=\u00a0\u00bb#30191E\u00a0\u00bb min_height=\u00a0\u00bb232.5px\u00a0\u00bb custom_margin=\u00a0\u00bb-1px||0px||false|false\u00a0\u00bb custom_padding=\u00a0\u00bb0px|0px|20px|0px|false|false\u00a0\u00bb global_module=\u00a0\u00bb136&Prime; saved_tabs=\u00a0\u00bball\u00a0\u00bb locked=\u00a0\u00bboff\u00a0\u00bb global_colors_info=\u00a0\u00bb{}\u00a0\u00bb][et_pb_row column_structure=\u00a0\u00bb1_5,1_5,1_5,1_5,1_5&Prime; _builder_version=\u00a0\u00bb4.27.4&Prime; _module_preset=\u00a0\u00bbdefault\u00a0\u00bb global_colors_info=\u00a0\u00bb{}\u00a0\u00bb][et_pb_column type=\u00a0\u00bb1_5&Prime; _builder_version=\u00a0\u00bb4.27.4&Prime; _module_preset=\u00a0\u00bbdefault\u00a0\u00bb global_colors_info=\u00a0\u00bb{}\u00a0\u00bb][et_pb_image src=\u00a0\u00bbhttps:\/\/viksimo.com\/wp-content\/uploads\/2025\/02\/viksimo-escargots-logo-light.webp\u00a0\u00bb title_text=\u00a0\u00bbviksimo-escargots-logo-light\u00a0\u00bb url=\u00a0\u00bbhttps:\/\/viksimo.com\u00a0\u00bb _builder_version=\u00a0\u00bb4.27.4&Prime; _module_preset=\u00a0\u00bbdefault\u00a0\u00bb max_width=\u00a0\u00bb70%\u00a0\u00bb global_colors_info=\u00a0\u00bb{}\u00a0\u00bb][\/et_pb_image][\/et_pb_column][et_pb_column type=\u00a0\u00bb1_5&Prime; _builder_version=\u00a0\u00bb4.27.4&Prime; _module_preset=\u00a0\u00bbdefault\u00a0\u00bb global_colors_info=\u00a0\u00bb{}\u00a0\u00bb][et_pb_social_media_follow _builder_version=\u00a0\u00bb4.27.4&Prime; _module_preset=\u00a0\u00bbdefault\u00a0\u00bb text_orientation=\u00a0\u00bbleft\u00a0\u00bb global_colors_info=\u00a0\u00bb{}\u00a0\u00bb][et_pb_social_media_follow_network social_network=\u00a0\u00bbfacebook\u00a0\u00bb url=\u00a0\u00bbhttps:\/\/www.facebook.com\/Viksimoo\/\u00a0\u00bb icon_color=\u00a0\u00bb#30191E\u00a0\u00bb use_icon_font_size=\u00a0\u00bbon\u00a0\u00bb _builder_version=\u00a0\u00bb4.27.4&Prime; _module_preset=\u00a0\u00bbdefault\u00a0\u00bb background_color=\u00a0\u00bb#F3EBDC\u00a0\u00bb background_enable_color=\u00a0\u00bbon\u00a0\u00bb global_colors_info=\u00a0\u00bb{}\u00a0\u00bb follow_button=\u00a0\u00bboff\u00a0\u00bb url_new_window=\u00a0\u00bbon\u00a0\u00bb]facebook[\/et_pb_social_media_follow_network][et_pb_social_media_follow_network social_network=\u00a0\u00bbinstagram\u00a0\u00bb url=\u00a0\u00bbhttps:\/\/www.instagram.com\/Viksimoo\u00a0\u00bb icon_color=\u00a0\u00bb#30191E\u00a0\u00bb _builder_version=\u00a0\u00bb4.27.4&Prime; _module_preset=\u00a0\u00bbdefault\u00a0\u00bb background_color=\u00a0\u00bb#F3EBDC\u00a0\u00bb background_enable_color=\u00a0\u00bbon\u00a0\u00bb global_colors_info=\u00a0\u00bb{}\u00a0\u00bb follow_button=\u00a0\u00bboff\u00a0\u00bb url_new_window=\u00a0\u00bbon\u00a0\u00bb]instagram[\/et_pb_social_media_follow_network][\/et_pb_social_media_follow][\/et_pb_column][et_pb_column type=\u00a0\u00bb1_5&Prime; _builder_version=\u00a0\u00bb4.27.4&Prime; _module_preset=\u00a0\u00bbdefault\u00a0\u00bb global_colors_info=\u00a0\u00bb{}\u00a0\u00bb][et_pb_text _builder_version=\u00a0\u00bb4.27.4&Prime; _module_preset=\u00a0\u00bbdefault\u00a0\u00bb text_text_color=\u00a0\u00bb#F3EBDC\u00a0\u00bb header_text_color=\u00a0\u00bb#DCCBAF\u00a0\u00bb header_2_text_color=\u00a0\u00bb#DCCBAF\u00a0\u00bb header_3_text_color=\u00a0\u00bb#DCCBAF\u00a0\u00bb header_4_font=\u00a0\u00bb||||||||\u00a0\u00bb header_4_text_color=\u00a0\u00bb#DCCBAF\u00a0\u00bb global_colors_info=\u00a0\u00bb{}\u00a0\u00bb]<\/p>\n<p><span style=\"color: #dccbaf;\"><strong><span style=\"font-size: large;\">REGISTERED IN:<\/span><\/strong><\/span><\/p>\n<p>97-371 Wola Krzysztoporska<\/p>\n<p>Poland<\/p>\n<p>[\/et_pb_text][\/et_pb_column][et_pb_column type=\u00a0\u00bb1_5&Prime; _builder_version=\u00a0\u00bb4.27.4&Prime; _module_preset=\u00a0\u00bbdefault\u00a0\u00bb global_colors_info=\u00a0\u00bb{}\u00a0\u00bb][et_pb_text _builder_version=\u00a0\u00bb4.27.4&Prime; _module_preset=\u00a0\u00bbdefault\u00a0\u00bb text_text_color=\u00a0\u00bb#F3EBDC\u00a0\u00bb header_text_color=\u00a0\u00bb#DCCBAF\u00a0\u00bb header_2_text_color=\u00a0\u00bb#DCCBAF\u00a0\u00bb header_3_text_color=\u00a0\u00bb#DCCBAF\u00a0\u00bb header_4_font=\u00a0\u00bb||||||||\u00a0\u00bb header_4_text_color=\u00a0\u00bb#DCCBAF\u00a0\u00bb link_option_url=\u00a0\u00bbmailto:escargots@viksimo.com\u00a0\u00bb link_option_url_new_window=\u00a0\u00bbon\u00a0\u00bb custom_css_free_form=\u00a0\u00bb.seo-h2-invisible {||  display: none;||}||\u00a0\u00bb global_colors_info=\u00a0\u00bb{}\u00a0\u00bb]<\/p>\n<p><strong><span style=\"font-size: large; color: #dccbaf;\">CONTACT US:<\/span><\/strong><\/p>\n<p>escargots@viksimo.com<\/p>\n<p>[\/et_pb_text][\/et_pb_column][et_pb_column type=\u00a0\u00bb1_5&Prime; _builder_version=\u00a0\u00bb4.27.4&Prime; _module_preset=\u00a0\u00bbdefault\u00a0\u00bb global_colors_info=\u00a0\u00bb{}\u00a0\u00bb][et_pb_text _builder_version=\u00a0\u00bb4.27.4&Prime; _module_preset=\u00a0\u00bbdefault\u00a0\u00bb text_text_color=\u00a0\u00bb#F3EBDC\u00a0\u00bb link_text_color=\u00a0\u00bb#F3EBDC\u00a0\u00bb header_text_color=\u00a0\u00bb#DCCBAF\u00a0\u00bb header_2_text_color=\u00a0\u00bb#DCCBAF\u00a0\u00bb header_3_text_color=\u00a0\u00bb#DCCBAF\u00a0\u00bb header_4_font=\u00a0\u00bb||||||||\u00a0\u00bb header_4_text_color=\u00a0\u00bb#DCCBAF\u00a0\u00bb global_colors_info=\u00a0\u00bb{}\u00a0\u00bb]<\/p>\n<p><strong><span style=\"color: #dccbaf; font-size: large;\">LINKS:<\/span><\/strong><\/p>\n<p><a href=\"\/cookie-policy-eu\/\">Cookie Policy (EU)<\/a><\/p>\n<p><a href=\"\/privacy-policy\/\">Privacy Policy<\/a><\/p>\n<p><a href=\"\/refund_returns\/\">Refund and Returns Policy<\/a><\/p>\n<p>[\/et_pb_text][\/et_pb_column][\/et_pb_row][\/et_pb_section]<\/p>","protected":false},"excerpt":{"rendered":"<p>Que trouverez-vous dans cette cat\u00e9gorie? Tu veux savoir comment conserver tes escargots vivants?Dans cette section, on t\u2019explique tout: dur\u00e9e de conservation, conditions id\u00e9ales, temp\u00e9rature, hygi\u00e8ne, stockage et signes de fra\u00eecheur.Tous nos conseils sont bas\u00e9s sur l\u2019exp\u00e9rience directe d\u2019\u00e9leveurs sp\u00e9cialis\u00e9s.Tout savoir sur la conservation des escargots vivants Retrouve ici des articles pratiques sur la mani\u00e8re de [&hellip;]<\/p>","protected":false},"author":2,"featured_media":0,"parent":1020,"menu_order":0,"comment_status":"closed","ping_status":"closed","template":"","meta":{"_et_pb_use_builder":"on","_et_pb_old_content":"","_et_gb_content_width":"","footnotes":""},"class_list":["post-1117","page","type-page","status-publish","hentry"],"yoast_head":"<!-- This site is optimized with the Yoast SEO plugin v24.8.1 - https:\/\/yoast.com\/wordpress\/plugins\/seo\/ -->\n<title>Conservation Escargots Vivants \u2013 Fra\u00eecheur &amp; Conseils | Viksimo<\/title>\n<meta name=\"description\" content=\"Conservation escargots vivants: dur\u00e9e, temp\u00e9rature, stockage, fra\u00eecheur, hygi\u00e8ne, conseils pour garder les escargots en parfait \u00e9tat.\" \/>\n<meta name=\"robots\" content=\"index, follow, max-snippet:-1, max-image-preview:large, max-video-preview:-1\" \/>\n<link rel=\"canonical\" href=\"https:\/\/viksimo.com\/en\/blog-escargots\/conservation-des-escargots\/\" \/>\n<meta property=\"og:locale\" content=\"en_GB\" \/>\n<meta property=\"og:type\" content=\"article\" \/>\n<meta property=\"og:title\" content=\"Conservation Escargots Vivants \u2013 Fra\u00eecheur &amp; Conseils | Viksimo\" \/>\n<meta property=\"og:description\" content=\"Conservation escargots vivants: dur\u00e9e, temp\u00e9rature, stockage, fra\u00eecheur, hygi\u00e8ne, conseils pour garder les escargots en parfait \u00e9tat.\" \/>\n<meta property=\"og:url\" content=\"https:\/\/viksimo.com\/en\/blog-escargots\/conservation-des-escargots\/\" \/>\n<meta property=\"og:site_name\" content=\"Viksimo Escargots\" \/>\n<meta property=\"article:publisher\" content=\"https:\/\/www.facebook.com\/Viksimoo\" \/>\n<meta property=\"article:modified_time\" content=\"2025-04-08T15:02:16+00:00\" \/>\n<meta name=\"twitter:card\" content=\"summary_large_image\" \/>\n<meta name=\"twitter:label1\" content=\"Estimated reading time\" \/>\n\t<meta name=\"twitter:data1\" content=\"2 minutes\" \/>\n<script type=\"application\/ld+json\" class=\"yoast-schema-graph\">{\"@context\":\"https:\/\/schema.org\",\"@graph\":[{\"@type\":\"WebPage\",\"@id\":\"https:\/\/viksimo.com\/blog-escargots\/conservation-des-escargots\/\",\"url\":\"https:\/\/viksimo.com\/blog-escargots\/conservation-des-escargots\/\",\"name\":\"Conservation Escargots Vivants \u2013 Fra\u00eecheur & Conseils | Viksimo\",\"isPartOf\":{\"@id\":\"https:\/\/viksimo.com\/#website\"},\"datePublished\":\"2025-03-28T17:10:03+00:00\",\"dateModified\":\"2025-04-08T15:02:16+00:00\",\"description\":\"Conservation escargots vivants: dur\u00e9e, temp\u00e9rature, stockage, fra\u00eecheur, hygi\u00e8ne, conseils pour garder les escargots en parfait \u00e9tat.\",\"breadcrumb\":{\"@id\":\"https:\/\/viksimo.com\/blog-escargots\/conservation-des-escargots\/#breadcrumb\"},\"inLanguage\":\"en-GB\",\"potentialAction\":[{\"@type\":\"ReadAction\",\"target\":[\"https:\/\/viksimo.com\/blog-escargots\/conservation-des-escargots\/\"]}]},{\"@type\":\"BreadcrumbList\",\"@id\":\"https:\/\/viksimo.com\/blog-escargots\/conservation-des-escargots\/#breadcrumb\",\"itemListElement\":[{\"@type\":\"ListItem\",\"position\":1,\"name\":\"Home\",\"item\":\"https:\/\/viksimo.com\/\"},{\"@type\":\"ListItem\",\"position\":2,\"name\":\"BLOG\",\"item\":\"https:\/\/viksimo.com\/blog-escargots\/\"},{\"@type\":\"ListItem\",\"position\":3,\"name\":\"Conservation et fra\u00eecheur\"}]},{\"@type\":\"WebSite\",\"@id\":\"https:\/\/viksimo.com\/#website\",\"url\":\"https:\/\/viksimo.com\/\",\"name\":\"Viksimo Escargots\",\"description\":\"Viksimo Escargots Acheter Des Escargots\",\"publisher\":{\"@id\":\"https:\/\/viksimo.com\/#organization\"},\"potentialAction\":[{\"@type\":\"SearchAction\",\"target\":{\"@type\":\"EntryPoint\",\"urlTemplate\":\"https:\/\/viksimo.com\/?s={search_term_string}\"},\"query-input\":{\"@type\":\"PropertyValueSpecification\",\"valueRequired\":true,\"valueName\":\"search_term_string\"}}],\"inLanguage\":\"en-GB\"},{\"@type\":\"Organization\",\"@id\":\"https:\/\/viksimo.com\/#organization\",\"name\":\"Viksimo Escargots\",\"url\":\"https:\/\/viksimo.com\/\",\"logo\":{\"@type\":\"ImageObject\",\"inLanguage\":\"en-GB\",\"@id\":\"https:\/\/viksimo.com\/#\/schema\/logo\/image\/\",\"url\":\"https:\/\/viksimo.com\/wp-content\/uploads\/2025\/04\/Viksimo-Escargots.jpg\",\"contentUrl\":\"https:\/\/viksimo.com\/wp-content\/uploads\/2025\/04\/Viksimo-Escargots.jpg\",\"width\":1200,\"height\":1200,\"caption\":\"Viksimo Escargots\"},\"image\":{\"@id\":\"https:\/\/viksimo.com\/#\/schema\/logo\/image\/\"},\"sameAs\":[\"https:\/\/www.facebook.com\/Viksimoo\",\"https:\/\/www.instagram.com\/Viksimoo\"]}]}<\/script>\n<!-- \/ Yoast SEO plugin. -->","yoast_head_json":{"title":"Conservation Escargots Vivants \u2013 Fra\u00eecheur & Conseils | Viksimo","description":"Conservation escargots vivants: dur\u00e9e, temp\u00e9rature, stockage, fra\u00eecheur, hygi\u00e8ne, conseils pour garder les escargots en parfait \u00e9tat.","robots":{"index":"index","follow":"follow","max-snippet":"max-snippet:-1","max-image-preview":"max-image-preview:large","max-video-preview":"max-video-preview:-1"},"canonical":"https:\/\/viksimo.com\/en\/blog-escargots\/conservation-des-escargots\/","og_locale":"en_GB","og_type":"article","og_title":"Conservation Escargots Vivants \u2013 Fra\u00eecheur & Conseils | Viksimo","og_description":"Conservation escargots vivants: dur\u00e9e, temp\u00e9rature, stockage, fra\u00eecheur, hygi\u00e8ne, conseils pour garder les escargots en parfait \u00e9tat.","og_url":"https:\/\/viksimo.com\/en\/blog-escargots\/conservation-des-escargots\/","og_site_name":"Viksimo Escargots","article_publisher":"https:\/\/www.facebook.com\/Viksimoo","article_modified_time":"2025-04-08T15:02:16+00:00","twitter_card":"summary_large_image","twitter_misc":{"Estimated reading time":"2 minutes"},"schema":{"@context":"https:\/\/schema.org","@graph":[{"@type":"WebPage","@id":"https:\/\/viksimo.com\/blog-escargots\/conservation-des-escargots\/","url":"https:\/\/viksimo.com\/blog-escargots\/conservation-des-escargots\/","name":"Conservation Escargots Vivants \u2013 Fra\u00eecheur & Conseils | Viksimo","isPartOf":{"@id":"https:\/\/viksimo.com\/#website"},"datePublished":"2025-03-28T17:10:03+00:00","dateModified":"2025-04-08T15:02:16+00:00","description":"Conservation escargots vivants: dur\u00e9e, temp\u00e9rature, stockage, fra\u00eecheur, hygi\u00e8ne, conseils pour garder les escargots en parfait \u00e9tat.","breadcrumb":{"@id":"https:\/\/viksimo.com\/blog-escargots\/conservation-des-escargots\/#breadcrumb"},"inLanguage":"en-GB","potentialAction":[{"@type":"ReadAction","target":["https:\/\/viksimo.com\/blog-escargots\/conservation-des-escargots\/"]}]},{"@type":"BreadcrumbList","@id":"https:\/\/viksimo.com\/blog-escargots\/conservation-des-escargots\/#breadcrumb","itemListElement":[{"@type":"ListItem","position":1,"name":"Home","item":"https:\/\/viksimo.com\/"},{"@type":"ListItem","position":2,"name":"BLOG","item":"https:\/\/viksimo.com\/blog-escargots\/"},{"@type":"ListItem","position":3,"name":"Conservation et fra\u00eecheur"}]},{"@type":"WebSite","@id":"https:\/\/viksimo.com\/#website","url":"https:\/\/viksimo.com\/","name":"Viksimo Escargots","description":"Viksimo Escargots Acheter Des Escargots","publisher":{"@id":"https:\/\/viksimo.com\/#organization"},"potentialAction":[{"@type":"SearchAction","target":{"@type":"EntryPoint","urlTemplate":"https:\/\/viksimo.com\/?s={search_term_string}"},"query-input":{"@type":"PropertyValueSpecification","valueRequired":true,"valueName":"search_term_string"}}],"inLanguage":"en-GB"},{"@type":"Organization","@id":"https:\/\/viksimo.com\/#organization","name":"Viksimo Escargots","url":"https:\/\/viksimo.com\/","logo":{"@type":"ImageObject","inLanguage":"en-GB","@id":"https:\/\/viksimo.com\/#\/schema\/logo\/image\/","url":"https:\/\/viksimo.com\/wp-content\/uploads\/2025\/04\/Viksimo-Escargots.jpg","contentUrl":"https:\/\/viksimo.com\/wp-content\/uploads\/2025\/04\/Viksimo-Escargots.jpg","width":1200,"height":1200,"caption":"Viksimo Escargots"},"image":{"@id":"https:\/\/viksimo.com\/#\/schema\/logo\/image\/"},"sameAs":["https:\/\/www.facebook.com\/Viksimoo","https:\/\/www.instagram.com\/Viksimoo"]}]}},"_links":{"self":[{"href":"https:\/\/viksimo.com\/en\/wp-json\/wp\/v2\/pages\/1117","targetHints":{"allow":["GET"]}}],"collection":[{"href":"https:\/\/viksimo.com\/en\/wp-json\/wp\/v2\/pages"}],"about":[{"href":"https:\/\/viksimo.com\/en\/wp-json\/wp\/v2\/types\/page"}],"author":[{"embeddable":true,"href":"https:\/\/viksimo.com\/en\/wp-json\/wp\/v2\/users\/2"}],"replies":[{"embeddable":true,"href":"https:\/\/viksimo.com\/en\/wp-json\/wp\/v2\/comments?post=1117"}],"version-history":[{"count":8,"href":"https:\/\/viksimo.com\/en\/wp-json\/wp\/v2\/pages\/1117\/revisions"}],"predecessor-version":[{"id":3225,"href":"https:\/\/viksimo.com\/en\/wp-json\/wp\/v2\/pages\/1117\/revisions\/3225"}],"up":[{"embeddable":true,"href":"https:\/\/viksimo.com\/en\/wp-json\/wp\/v2\/pages\/1020"}],"wp:attachment":[{"href":"https:\/\/viksimo.com\/en\/wp-json\/wp\/v2\/media?parent=1117"}],"curies":[{"name":"wp","href":"https:\/\/api.w.org\/{rel}","templated":true}]}}