{"id":1120,"date":"2025-03-28T18:01:07","date_gmt":"2025-03-28T17:01:07","guid":{"rendered":"https:\/\/viksimo.grajnert.com\/?page_id=1120"},"modified":"2025-04-03T12:39:03","modified_gmt":"2025-04-03T10:39:03","slug":"questions-frequentes-escargots","status":"publish","type":"page","link":"https:\/\/viksimo.com\/en\/blog-escargots\/questions-frequentes-escargots\/","title":{"rendered":"Frequently Asked Questions"},"content":{"rendered":"<p>[et_pb_section fb_built=\u00a0\u00bb1&Prime; custom_padding_last_edited=\u00a0\u00bboff|desktop\u00a0\u00bb admin_label=\u00a0\u00bbHeader Section\u00a0\u00bb _builder_version=\u00a0\u00bb4.27.4&Prime; background_enable_color=\u00a0\u00bboff\u00a0\u00bb use_background_color_gradient=\u00a0\u00bbon\u00a0\u00bb background_color_gradient_stops=\u00a0\u00bb#f3ebdc 21%|rgba(255,255,255,0) 100%\u00a0\u00bb background_color_gradient_overlays_image=\u00a0\u00bbon\u00a0\u00bb background_color_gradient_start=\u00a0\u00bb#ffffff\u00a0\u00bb background_color_gradient_start_position=\u00a0\u00bb40%\u00a0\u00bb background_color_gradient_end=\u00a0\u00bbrgba(255,255,255,0)\u00a0\u00bb background_image=\u00a0\u00bbhttps:\/\/viksimo.com\/wp-content\/uploads\/2025\/02\/filling-snails-with-garlic-butter-and-fresh-herbs-2023-11-27-05-20-09-utc.jpg\u00a0\u00bb width=\u00a0\u00bb100%\u00a0\u00bb custom_margin=\u00a0\u00bb0px||0px||false|false\u00a0\u00bb custom_padding=\u00a0\u00bb19px|0px|50px|0px|false|false\u00a0\u00bb custom_padding_tablet=\u00a0\u00bb320px|0px|0px|0px\u00a0\u00bb global_colors_info=\u00a0\u00bb{}\u00a0\u00bb][et_pb_row _builder_version=\u00a0\u00bb4.27.4&Prime; _module_preset=\u00a0\u00bbdefault\u00a0\u00bb global_colors_info=\u00a0\u00bb{}\u00a0\u00bb][et_pb_column type=\u00a0\u00bb4_4&Prime; _builder_version=\u00a0\u00bb4.27.4&Prime; _module_preset=\u00a0\u00bbdefault\u00a0\u00bb global_colors_info=\u00a0\u00bb{}\u00a0\u00bb][et_pb_blurb title=\u00a0\u00bbQuestions fr\u00e9quentes sur les escargots vivants\u00a0\u00bb use_icon=\u00a0\u00bbon\u00a0\u00bb _builder_version=\u00a0\u00bb4.27.4&Prime; _module_preset=\u00a0\u00bbdefault\u00a0\u00bb header_level=\u00a0\u00bbh1&Prime; header_text_align=\u00a0\u00bbcenter\u00a0\u00bb header_text_color=\u00a0\u00bb#30191E\u00a0\u00bb header_font_size=\u00a0\u00bb34px\u00a0\u00bb body_text_align=\u00a0\u00bbcenter\u00a0\u00bb body_text_color=\u00a0\u00bb#30191E\u00a0\u00bb body_font_size=\u00a0\u00bb15px\u00a0\u00bb global_colors_info=\u00a0\u00bb{}\u00a0\u00bb][\/et_pb_blurb][et_pb_button button_text=\u00a0\u00bbNOTRE BLOG\u00a0\u00bb _builder_version=\u00a0\u00bb4.27.4&Prime; _module_preset=\u00a0\u00bbdefault\u00a0\u00bb button_url=\u00a0\u00bb@ET-DC@eyJkeW5hbWljIjp0cnVlLCJjb250ZW50IjoicG9zdF9saW5rX3VybF9wYWdlIiwic2V0dGluZ3MiOnsicG9zdF9pZCI6IjEwMjAifX0=@\u00a0\u00bb _dynamic_attributes=\u00a0\u00bbbutton_url\u00a0\u00bb button_alignment=\u00a0\u00bbcenter\u00a0\u00bb custom_button=\u00a0\u00bbon\u00a0\u00bb button_text_size=\u00a0\u00bb15px\u00a0\u00bb hover_enabled=\u00a0\u00bb0&Prime; sticky_enabled=\u00a0\u00bb0&Prime; locked=\u00a0\u00bboff\u00a0\u00bb][\/et_pb_button][et_pb_text _builder_version=\u00a0\u00bb4.27.4&Prime; _module_preset=\u00a0\u00bbdefault\u00a0\u00bb text_font_size=\u00a0\u00bb16px\u00a0\u00bb header_2_text_align=\u00a0\u00bbcenter\u00a0\u00bb header_2_text_color=\u00a0\u00bb#30191E\u00a0\u00bb header_2_font_size=\u00a0\u00bb20px\u00a0\u00bb custom_padding=\u00a0\u00bb||0px|||\u00a0\u00bb global_colors_info=\u00a0\u00bb{}\u00a0\u00bb]<\/p>\n<h2 data-start=\"261\" data-end=\"306\" style=\"text-align: center;\"><strong data-start=\"261\" data-end=\"306\">Que trouverez-vous dans cette cat\u00e9gorie?<\/strong><\/h2>\n<p data-start=\"261\" data-end=\"306\" class=\"\" style=\"text-align: center;\">Tu as des <strong data-start=\"1049\" data-end=\"1088\">questions sur les escargots vivants<\/strong>? Tu es au bon endroit!<br data-start=\"1113\" data-end=\"1116\" \/>Ce blog r\u00e9pond aux <strong data-start=\"1137\" data-end=\"1160\">questions escargots<\/strong> les plus fr\u00e9quentes:<br data-start=\"1182\" data-end=\"1185\" \/>\u00e9levage, livraison, conservation, pr\u00e9paration, nettoyage, consommation\u2026<br data-start=\"1258\" data-end=\"1261\" \/>Tu trouveras ici des r\u00e9ponses utiles, des conseils concrets et des infos claires pour mieux comprendre l\u2019escargot europ\u00e9en.<br data-start=\"1386\" data-end=\"1389\" \/>Tout est bas\u00e9 sur notre exp\u00e9rience r\u00e9elle d\u2019\u00e9leveurs passionn\u00e9s.<\/p>\n<p>[\/et_pb_text][et_pb_text _builder_version=\u00a0\u00bb4.27.4&Prime; _module_preset=\u00a0\u00bbdefault\u00a0\u00bb text_font_size=\u00a0\u00bb16px\u00a0\u00bb header_text_color=\u00a0\u00bb#30191E\u00a0\u00bb header_3_text_color=\u00a0\u00bb#30191E\u00a0\u00bb header_3_font_size=\u00a0\u00bb20px\u00a0\u00bb global_colors_info=\u00a0\u00bb{}\u00a0\u00bb]<\/p>\n<h3 data-start=\"779\" data-end=\"830\" style=\"text-align: center;\">Les questions les plus pos\u00e9es sur les escargots<\/h3>\n<p style=\"text-align: center;\">Cette section rassemble les r\u00e9ponses \u00e0 toutes les questions courantes que vous vous posez sur les escargots vivants.<br data-start=\"620\" data-end=\"623\" \/>De l\u2019\u00e9levage \u00e0 la consommation, en passant par la livraison ou l\u2019hygi\u00e8ne, chaque article apporte des conseils utiles et des explications claires sur les escargots Gros Gris ou Petit Gris.<\/p>\n<p>[\/et_pb_text][et_pb_blog fullwidth=\u00a0\u00bboff\u00a0\u00bb posts_number=\u00a0\u00bb9&Prime; include_categories=\u00a0\u00bb92&Prime; show_thumbnail=\u00a0\u00bboff\u00a0\u00bb use_manual_excerpt=\u00a0\u00bboff\u00a0\u00bb show_categories=\u00a0\u00bboff\u00a0\u00bb show_excerpt=\u00a0\u00bboff\u00a0\u00bb masonry_tile_background_color=\u00a0\u00bb#F3EBDC\u00a0\u00bb _builder_version=\u00a0\u00bb4.27.4&Prime; _module_preset=\u00a0\u00bbdefault\u00a0\u00bb header_level=\u00a0\u00bbh3&Prime; header_text_color=\u00a0\u00bb#30191E\u00a0\u00bb header_font_size=\u00a0\u00bb18px\u00a0\u00bb meta_text_color=\u00a0\u00bb#30191E\u00a0\u00bb meta_font_size=\u00a0\u00bb14px\u00a0\u00bb meta_line_height=\u00a0\u00bb1em\u00a0\u00bb pagination_text_color=\u00a0\u00bb#30191E\u00a0\u00bb pagination_font_size=\u00a0\u00bb20px\u00a0\u00bb text_orientation=\u00a0\u00bbleft\u00a0\u00bb width=\u00a0\u00bb100%\u00a0\u00bb max_width=\u00a0\u00bb100%\u00a0\u00bb min_height=\u00a0\u00bb100px\u00a0\u00bb height=\u00a0\u00bb100px\u00a0\u00bb max_height=\u00a0\u00bb1000px\u00a0\u00bb animation_style=\u00a0\u00bbzoom\u00a0\u00bb animation_duration=\u00a0\u00bb800ms\u00a0\u00bb animation_delay=\u00a0\u00bb100ms\u00a0\u00bb pagination_text_shadow_style=\u00a0\u00bbpreset3&Prime; pagination_text_shadow_color=\u00a0\u00bb#DCCBAF\u00a0\u00bb border_width_all=\u00a0\u00bb2px\u00a0\u00bb border_color_all=\u00a0\u00bb#30191E\u00a0\u00bb box_shadow_style=\u00a0\u00bbpreset1&Prime; box_shadow_blur=\u00a0\u00bb35px\u00a0\u00bb box_shadow_color=\u00a0\u00bbgcid-heading-color\u00a0\u00bb transform_styles__hover_enabled=\u00a0\u00bboff|desktop\u00a0\u00bb global_colors_info=\u00a0\u00bb{%22gcid-heading-color%22:%91%22box_shadow_color%22,%22box_shadow_color%22%93}\u00a0\u00bb pagination_font=\u00a0\u00bb|800|||||||\u00a0\u00bb hover_enabled=\u00a0\u00bb0&Prime; sticky_enabled=\u00a0\u00bb0&Prime;][\/et_pb_blog][\/et_pb_column][\/et_pb_row][et_pb_row column_structure=\u00a0\u00bb1_3,1_3,1_3&Prime; _builder_version=\u00a0\u00bb4.27.4&Prime; _module_preset=\u00a0\u00bbdefault\u00a0\u00bb module_alignment=\u00a0\u00bbcenter\u00a0\u00bb global_colors_info=\u00a0\u00bb{}\u00a0\u00bb locked=\u00a0\u00bboff\u00a0\u00bb][et_pb_column type=\u00a0\u00bb1_3&Prime; _builder_version=\u00a0\u00bb4.27.4&Prime; _module_preset=\u00a0\u00bbdefault\u00a0\u00bb global_colors_info=\u00a0\u00bb{}\u00a0\u00bb][et_pb_button button_url=\u00a0\u00bb@ET-DC@eyJkeW5hbWljIjp0cnVlLCJjb250ZW50IjoicG9zdF9saW5rX3VybF9wYWdlIiwic2V0dGluZ3MiOnsicG9zdF9pZCI6IjE1In19@\u00a0\u00bb button_text=\u00a0\u00bbD\u00c9COUVREZ NOTRE FERME\u00a0\u00bb button_alignment=\u00a0\u00bbcenter\u00a0\u00bb _builder_version=\u00a0\u00bb4.27.4&Prime; _dynamic_attributes=\u00a0\u00bbbutton_url\u00a0\u00bb _module_preset=\u00a0\u00bbdefault\u00a0\u00bb custom_button=\u00a0\u00bbon\u00a0\u00bb button_text_size=\u00a0\u00bb18px\u00a0\u00bb global_colors_info=\u00a0\u00bb{}\u00a0\u00bb button_text_color=\u00a0\u00bb#30191E\u00a0\u00bb button_bg_color=\u00a0\u00bb#F3EBDC\u00a0\u00bb button_border_color=\u00a0\u00bb#30191E\u00a0\u00bb button_border_width=\u00a0\u00bb2px\u00a0\u00bb button_bg_enable_color=\u00a0\u00bbon\u00a0\u00bb][\/et_pb_button][\/et_pb_column][et_pb_column type=\u00a0\u00bb1_3&Prime; _builder_version=\u00a0\u00bb4.27.4&Prime; _module_preset=\u00a0\u00bbdefault\u00a0\u00bb global_colors_info=\u00a0\u00bb{}\u00a0\u00bb][et_pb_button button_url=\u00a0\u00bb@ET-DC@eyJkeW5hbWljIjp0cnVlLCJjb250ZW50IjoicG9zdF9saW5rX3VybF9wYWdlIiwic2V0dGluZ3MiOnsicG9zdF9pZCI6IjEwNSJ9fQ==@\u00a0\u00bb button_text=\u00a0\u00bbNOTRE ESCARGOTS\u00a0\u00bb button_alignment=\u00a0\u00bbcenter\u00a0\u00bb _builder_version=\u00a0\u00bb4.27.4&Prime; _dynamic_attributes=\u00a0\u00bbbutton_url\u00a0\u00bb _module_preset=\u00a0\u00bbdefault\u00a0\u00bb custom_button=\u00a0\u00bbon\u00a0\u00bb button_text_size=\u00a0\u00bb18px\u00a0\u00bb hover_enabled=\u00a0\u00bb0&Prime; global_colors_info=\u00a0\u00bb{}\u00a0\u00bb sticky_enabled=\u00a0\u00bb0&Prime; button_text_color=\u00a0\u00bb#30191E\u00a0\u00bb button_bg_color=\u00a0\u00bb#F3EBDC\u00a0\u00bb button_bg_enable_color=\u00a0\u00bbon\u00a0\u00bb button_border_color=\u00a0\u00bb#30191E\u00a0\u00bb button_border_width=\u00a0\u00bb2px\u00a0\u00bb][\/et_pb_button][\/et_pb_column][et_pb_column type=\u00a0\u00bb1_3&Prime; _builder_version=\u00a0\u00bb4.27.4&Prime; _module_preset=\u00a0\u00bbdefault\u00a0\u00bb global_colors_info=\u00a0\u00bb{}\u00a0\u00bb][et_pb_button button_url=\u00a0\u00bb@ET-DC@eyJkeW5hbWljIjp0cnVlLCJjb250ZW50IjoicG9zdF9saW5rX3VybF9wYWdlIiwic2V0dGluZ3MiOnsicG9zdF9pZCI6IjEyMCJ9fQ==@\u00a0\u00bb button_text=\u00a0\u00bbNETTOYAGE DES ESCARGOTS\u00a0\u00bb button_alignment=\u00a0\u00bbcenter\u00a0\u00bb _builder_version=\u00a0\u00bb4.27.4&Prime; _dynamic_attributes=\u00a0\u00bbbutton_url\u00a0\u00bb _module_preset=\u00a0\u00bbdefault\u00a0\u00bb custom_button=\u00a0\u00bbon\u00a0\u00bb button_text_size=\u00a0\u00bb18px\u00a0\u00bb global_colors_info=\u00a0\u00bb{}\u00a0\u00bb sticky_enabled=\u00a0\u00bb0&Prime; button_text_color=\u00a0\u00bb#30191E\u00a0\u00bb button_bg_color=\u00a0\u00bb#F3EBDC\u00a0\u00bb button_border_color=\u00a0\u00bb#30191E\u00a0\u00bb button_border_width=\u00a0\u00bb2px\u00a0\u00bb button_bg_enable_color=\u00a0\u00bbon\u00a0\u00bb][\/et_pb_button][\/et_pb_column][\/et_pb_row][\/et_pb_section][et_pb_section fb_built=\u00a0\u00bb1&Prime; admin_label=\u00a0\u00bbFooter Section\u00a0\u00bb _builder_version=\u00a0\u00bb4.27.4&Prime; background_color=\u00a0\u00bb#30191E\u00a0\u00bb min_height=\u00a0\u00bb232.5px\u00a0\u00bb custom_margin=\u00a0\u00bb-1px||0px||false|false\u00a0\u00bb custom_padding=\u00a0\u00bb0px|0px|20px|0px|false|false\u00a0\u00bb global_module=\u00a0\u00bb136&Prime; saved_tabs=\u00a0\u00bball\u00a0\u00bb locked=\u00a0\u00bboff\u00a0\u00bb global_colors_info=\u00a0\u00bb{}\u00a0\u00bb][et_pb_row column_structure=\u00a0\u00bb1_5,1_5,1_5,1_5,1_5&Prime; _builder_version=\u00a0\u00bb4.27.4&Prime; _module_preset=\u00a0\u00bbdefault\u00a0\u00bb global_colors_info=\u00a0\u00bb{}\u00a0\u00bb][et_pb_column type=\u00a0\u00bb1_5&Prime; _builder_version=\u00a0\u00bb4.27.4&Prime; _module_preset=\u00a0\u00bbdefault\u00a0\u00bb global_colors_info=\u00a0\u00bb{}\u00a0\u00bb][et_pb_image src=\u00a0\u00bbhttps:\/\/viksimo.com\/wp-content\/uploads\/2025\/02\/viksimo-escargots-logo-light.webp\u00a0\u00bb title_text=\u00a0\u00bbviksimo-escargots-logo-light\u00a0\u00bb url=\u00a0\u00bbhttps:\/\/viksimo.com\u00a0\u00bb _builder_version=\u00a0\u00bb4.27.4&Prime; _module_preset=\u00a0\u00bbdefault\u00a0\u00bb max_width=\u00a0\u00bb70%\u00a0\u00bb global_colors_info=\u00a0\u00bb{}\u00a0\u00bb][\/et_pb_image][\/et_pb_column][et_pb_column type=\u00a0\u00bb1_5&Prime; _builder_version=\u00a0\u00bb4.27.4&Prime; _module_preset=\u00a0\u00bbdefault\u00a0\u00bb global_colors_info=\u00a0\u00bb{}\u00a0\u00bb][et_pb_social_media_follow _builder_version=\u00a0\u00bb4.27.4&Prime; _module_preset=\u00a0\u00bbdefault\u00a0\u00bb text_orientation=\u00a0\u00bbleft\u00a0\u00bb global_colors_info=\u00a0\u00bb{}\u00a0\u00bb][et_pb_social_media_follow_network social_network=\u00a0\u00bbfacebook\u00a0\u00bb url=\u00a0\u00bbhttps:\/\/www.facebook.com\/Viksimoo\/\u00a0\u00bb icon_color=\u00a0\u00bb#30191E\u00a0\u00bb _builder_version=\u00a0\u00bb4.27.4&Prime; _module_preset=\u00a0\u00bbdefault\u00a0\u00bb background_color=\u00a0\u00bb#DCCBAF\u00a0\u00bb background_enable_color=\u00a0\u00bbon\u00a0\u00bb global_colors_info=\u00a0\u00bb{}\u00a0\u00bb follow_button=\u00a0\u00bboff\u00a0\u00bb url_new_window=\u00a0\u00bbon\u00a0\u00bb]facebook[\/et_pb_social_media_follow_network][et_pb_social_media_follow_network social_network=\u00a0\u00bbinstagram\u00a0\u00bb url=\u00a0\u00bbhttps:\/\/www.instagram.com\/Viksimoo\u00a0\u00bb icon_color=\u00a0\u00bb#30191E\u00a0\u00bb _builder_version=\u00a0\u00bb4.27.4&Prime; _module_preset=\u00a0\u00bbdefault\u00a0\u00bb background_color=\u00a0\u00bb#DCCBAF\u00a0\u00bb background_enable_color=\u00a0\u00bbon\u00a0\u00bb global_colors_info=\u00a0\u00bb{}\u00a0\u00bb follow_button=\u00a0\u00bboff\u00a0\u00bb url_new_window=\u00a0\u00bbon\u00a0\u00bb]instagram[\/et_pb_social_media_follow_network][\/et_pb_social_media_follow][\/et_pb_column][et_pb_column type=\u00a0\u00bb1_5&Prime; _builder_version=\u00a0\u00bb4.27.4&Prime; _module_preset=\u00a0\u00bbdefault\u00a0\u00bb global_colors_info=\u00a0\u00bb{}\u00a0\u00bb][et_pb_text _builder_version=\u00a0\u00bb4.27.4&Prime; _module_preset=\u00a0\u00bbdefault\u00a0\u00bb text_text_color=\u00a0\u00bb#F3EBDC\u00a0\u00bb header_text_color=\u00a0\u00bb#DCCBAF\u00a0\u00bb header_2_text_color=\u00a0\u00bb#DCCBAF\u00a0\u00bb header_3_text_color=\u00a0\u00bb#DCCBAF\u00a0\u00bb header_4_font=\u00a0\u00bb||||||||\u00a0\u00bb header_4_text_color=\u00a0\u00bb#DCCBAF\u00a0\u00bb global_colors_info=\u00a0\u00bb{}\u00a0\u00bb]<\/p>\n<p><span style=\"color: #dccbaf;\"><strong><span style=\"font-size: large;\">REGISTERED IN:<\/span><\/strong><\/span><\/p>\n<p>97-371 Wola Krzysztoporska<\/p>\n<p>Poland<\/p>\n<p>[\/et_pb_text][\/et_pb_column][et_pb_column type=\u00a0\u00bb1_5&Prime; _builder_version=\u00a0\u00bb4.27.4&Prime; _module_preset=\u00a0\u00bbdefault\u00a0\u00bb global_colors_info=\u00a0\u00bb{}\u00a0\u00bb][et_pb_text _builder_version=\u00a0\u00bb4.27.4&Prime; _module_preset=\u00a0\u00bbdefault\u00a0\u00bb text_text_color=\u00a0\u00bb#F3EBDC\u00a0\u00bb header_text_color=\u00a0\u00bb#DCCBAF\u00a0\u00bb header_2_text_color=\u00a0\u00bb#DCCBAF\u00a0\u00bb header_3_text_color=\u00a0\u00bb#DCCBAF\u00a0\u00bb header_4_font=\u00a0\u00bb||||||||\u00a0\u00bb header_4_text_color=\u00a0\u00bb#DCCBAF\u00a0\u00bb link_option_url=\u00a0\u00bbmailto:escargots@viksimo.com\u00a0\u00bb link_option_url_new_window=\u00a0\u00bbon\u00a0\u00bb custom_css_free_form=\u00a0\u00bb.seo-h2-invisible {||  display: none;||}||\u00a0\u00bb global_colors_info=\u00a0\u00bb{}\u00a0\u00bb]<\/p>\n<p><strong><span style=\"font-size: large; color: #dccbaf;\">CONTACT US:<\/span><\/strong><\/p>\n<p>escargots@viksimo.com<\/p>\n<p>[\/et_pb_text][\/et_pb_column][et_pb_column type=\u00a0\u00bb1_5&Prime; _builder_version=\u00a0\u00bb4.27.4&Prime; _module_preset=\u00a0\u00bbdefault\u00a0\u00bb global_colors_info=\u00a0\u00bb{}\u00a0\u00bb][et_pb_text _builder_version=\u00a0\u00bb4.27.4&Prime; _module_preset=\u00a0\u00bbdefault\u00a0\u00bb text_text_color=\u00a0\u00bb#F3EBDC\u00a0\u00bb link_text_color=\u00a0\u00bb#F3EBDC\u00a0\u00bb header_text_color=\u00a0\u00bb#DCCBAF\u00a0\u00bb header_2_text_color=\u00a0\u00bb#DCCBAF\u00a0\u00bb header_3_text_color=\u00a0\u00bb#DCCBAF\u00a0\u00bb header_4_font=\u00a0\u00bb||||||||\u00a0\u00bb header_4_text_color=\u00a0\u00bb#DCCBAF\u00a0\u00bb global_colors_info=\u00a0\u00bb{}\u00a0\u00bb]<\/p>\n<p><strong><span style=\"color: #dccbaf; font-size: large;\">LINKS:<\/span><\/strong><\/p>\n<p><a href=\"\/cookie-policy-eu\/\">Cookie Policy (EU)<\/a><\/p>\n<p><a href=\"\/privacy-policy\/\">Privacy Policy<\/a><\/p>\n<p><a href=\"\/refund_returns\/\">Refund and Returns Policy<\/a><\/p>\n<p>[\/et_pb_text][\/et_pb_column][\/et_pb_row][\/et_pb_section]<\/p>","protected":false},"excerpt":{"rendered":"<p>Que trouverez-vous dans cette cat\u00e9gorie? Tu as des questions sur les escargots vivants? Tu es au bon endroit!Ce blog r\u00e9pond aux questions escargots les plus fr\u00e9quentes:\u00e9levage, livraison, conservation, pr\u00e9paration, nettoyage, consommation\u2026Tu trouveras ici des r\u00e9ponses utiles, des conseils concrets et des infos claires pour mieux comprendre l\u2019escargot europ\u00e9en.Tout est bas\u00e9 sur notre exp\u00e9rience r\u00e9elle d\u2019\u00e9leveurs [&hellip;]<\/p>","protected":false},"author":2,"featured_media":0,"parent":1020,"menu_order":0,"comment_status":"closed","ping_status":"closed","template":"","meta":{"_et_pb_use_builder":"on","_et_pb_old_content":"","_et_gb_content_width":"","footnotes":""},"class_list":["post-1120","page","type-page","status-publish","hentry"],"yoast_head":"<!-- This site is optimized with the Yoast SEO plugin v24.8.1 - https:\/\/yoast.com\/wordpress\/plugins\/seo\/ -->\n<title>Questions escargots \u2013 R\u00e9ponses claires &amp; utiles | Viksimo<\/title>\n<meta name=\"description\" content=\"Questions escargots? R\u00e9ponses pratiques sur l\u2019\u00e9levage, la livraison, la pr\u00e9paration, l\u2019hygi\u00e8ne et les escargots vivants europ\u00e9ens.\" \/>\n<meta name=\"robots\" content=\"index, follow, max-snippet:-1, max-image-preview:large, max-video-preview:-1\" \/>\n<link rel=\"canonical\" href=\"https:\/\/viksimo.com\/en\/blog-escargots\/questions-frequentes-escargots\/\" \/>\n<meta property=\"og:locale\" content=\"en_GB\" \/>\n<meta property=\"og:type\" content=\"article\" \/>\n<meta property=\"og:title\" content=\"Questions escargots \u2013 R\u00e9ponses claires &amp; utiles | Viksimo\" \/>\n<meta property=\"og:description\" content=\"Questions escargots? R\u00e9ponses pratiques sur l\u2019\u00e9levage, la livraison, la pr\u00e9paration, l\u2019hygi\u00e8ne et les escargots vivants europ\u00e9ens.\" \/>\n<meta property=\"og:url\" content=\"https:\/\/viksimo.com\/en\/blog-escargots\/questions-frequentes-escargots\/\" \/>\n<meta property=\"og:site_name\" content=\"Viksimo Escargots\" \/>\n<meta property=\"article:publisher\" content=\"https:\/\/www.facebook.com\/Viksimoo\" \/>\n<meta property=\"article:modified_time\" content=\"2025-04-03T10:39:03+00:00\" \/>\n<meta name=\"twitter:card\" content=\"summary_large_image\" \/>\n<meta name=\"twitter:label1\" content=\"Estimated reading time\" \/>\n\t<meta name=\"twitter:data1\" content=\"2 minutes\" \/>\n<script type=\"application\/ld+json\" class=\"yoast-schema-graph\">{\"@context\":\"https:\/\/schema.org\",\"@graph\":[{\"@type\":\"WebPage\",\"@id\":\"https:\/\/viksimo.com\/blog-escargots\/questions-frequentes-escargots\/\",\"url\":\"https:\/\/viksimo.com\/blog-escargots\/questions-frequentes-escargots\/\",\"name\":\"Questions escargots \u2013 R\u00e9ponses claires & utiles | Viksimo\",\"isPartOf\":{\"@id\":\"https:\/\/viksimo.com\/#website\"},\"datePublished\":\"2025-03-28T17:01:07+00:00\",\"dateModified\":\"2025-04-03T10:39:03+00:00\",\"description\":\"Questions escargots? R\u00e9ponses pratiques sur l\u2019\u00e9levage, la livraison, la pr\u00e9paration, l\u2019hygi\u00e8ne et les escargots vivants europ\u00e9ens.\",\"breadcrumb\":{\"@id\":\"https:\/\/viksimo.com\/blog-escargots\/questions-frequentes-escargots\/#breadcrumb\"},\"inLanguage\":\"en-GB\",\"potentialAction\":[{\"@type\":\"ReadAction\",\"target\":[\"https:\/\/viksimo.com\/blog-escargots\/questions-frequentes-escargots\/\"]}]},{\"@type\":\"BreadcrumbList\",\"@id\":\"https:\/\/viksimo.com\/blog-escargots\/questions-frequentes-escargots\/#breadcrumb\",\"itemListElement\":[{\"@type\":\"ListItem\",\"position\":1,\"name\":\"Home\",\"item\":\"https:\/\/viksimo.com\/\"},{\"@type\":\"ListItem\",\"position\":2,\"name\":\"BLOG\",\"item\":\"https:\/\/viksimo.com\/blog-escargots\/\"},{\"@type\":\"ListItem\",\"position\":3,\"name\":\"Questions fr\u00e9quentes\"}]},{\"@type\":\"WebSite\",\"@id\":\"https:\/\/viksimo.com\/#website\",\"url\":\"https:\/\/viksimo.com\/\",\"name\":\"Viksimo Escargots\",\"description\":\"Viksimo Escargots Acheter Des Escargots\",\"publisher\":{\"@id\":\"https:\/\/viksimo.com\/#organization\"},\"potentialAction\":[{\"@type\":\"SearchAction\",\"target\":{\"@type\":\"EntryPoint\",\"urlTemplate\":\"https:\/\/viksimo.com\/?s={search_term_string}\"},\"query-input\":{\"@type\":\"PropertyValueSpecification\",\"valueRequired\":true,\"valueName\":\"search_term_string\"}}],\"inLanguage\":\"en-GB\"},{\"@type\":\"Organization\",\"@id\":\"https:\/\/viksimo.com\/#organization\",\"name\":\"Viksimo Escargots\",\"url\":\"https:\/\/viksimo.com\/\",\"logo\":{\"@type\":\"ImageObject\",\"inLanguage\":\"en-GB\",\"@id\":\"https:\/\/viksimo.com\/#\/schema\/logo\/image\/\",\"url\":\"https:\/\/viksimo.com\/wp-content\/uploads\/2025\/04\/Viksimo-Escargots.jpg\",\"contentUrl\":\"https:\/\/viksimo.com\/wp-content\/uploads\/2025\/04\/Viksimo-Escargots.jpg\",\"width\":1200,\"height\":1200,\"caption\":\"Viksimo Escargots\"},\"image\":{\"@id\":\"https:\/\/viksimo.com\/#\/schema\/logo\/image\/\"},\"sameAs\":[\"https:\/\/www.facebook.com\/Viksimoo\",\"https:\/\/www.instagram.com\/Viksimoo\"]}]}<\/script>\n<!-- \/ Yoast SEO plugin. -->","yoast_head_json":{"title":"Questions escargots \u2013 R\u00e9ponses claires & utiles | Viksimo","description":"Questions escargots? R\u00e9ponses pratiques sur l\u2019\u00e9levage, la livraison, la pr\u00e9paration, l\u2019hygi\u00e8ne et les escargots vivants europ\u00e9ens.","robots":{"index":"index","follow":"follow","max-snippet":"max-snippet:-1","max-image-preview":"max-image-preview:large","max-video-preview":"max-video-preview:-1"},"canonical":"https:\/\/viksimo.com\/en\/blog-escargots\/questions-frequentes-escargots\/","og_locale":"en_GB","og_type":"article","og_title":"Questions escargots \u2013 R\u00e9ponses claires & utiles | Viksimo","og_description":"Questions escargots? R\u00e9ponses pratiques sur l\u2019\u00e9levage, la livraison, la pr\u00e9paration, l\u2019hygi\u00e8ne et les escargots vivants europ\u00e9ens.","og_url":"https:\/\/viksimo.com\/en\/blog-escargots\/questions-frequentes-escargots\/","og_site_name":"Viksimo Escargots","article_publisher":"https:\/\/www.facebook.com\/Viksimoo","article_modified_time":"2025-04-03T10:39:03+00:00","twitter_card":"summary_large_image","twitter_misc":{"Estimated reading time":"2 minutes"},"schema":{"@context":"https:\/\/schema.org","@graph":[{"@type":"WebPage","@id":"https:\/\/viksimo.com\/blog-escargots\/questions-frequentes-escargots\/","url":"https:\/\/viksimo.com\/blog-escargots\/questions-frequentes-escargots\/","name":"Questions escargots \u2013 R\u00e9ponses claires & utiles | Viksimo","isPartOf":{"@id":"https:\/\/viksimo.com\/#website"},"datePublished":"2025-03-28T17:01:07+00:00","dateModified":"2025-04-03T10:39:03+00:00","description":"Questions escargots? R\u00e9ponses pratiques sur l\u2019\u00e9levage, la livraison, la pr\u00e9paration, l\u2019hygi\u00e8ne et les escargots vivants europ\u00e9ens.","breadcrumb":{"@id":"https:\/\/viksimo.com\/blog-escargots\/questions-frequentes-escargots\/#breadcrumb"},"inLanguage":"en-GB","potentialAction":[{"@type":"ReadAction","target":["https:\/\/viksimo.com\/blog-escargots\/questions-frequentes-escargots\/"]}]},{"@type":"BreadcrumbList","@id":"https:\/\/viksimo.com\/blog-escargots\/questions-frequentes-escargots\/#breadcrumb","itemListElement":[{"@type":"ListItem","position":1,"name":"Home","item":"https:\/\/viksimo.com\/"},{"@type":"ListItem","position":2,"name":"BLOG","item":"https:\/\/viksimo.com\/blog-escargots\/"},{"@type":"ListItem","position":3,"name":"Questions fr\u00e9quentes"}]},{"@type":"WebSite","@id":"https:\/\/viksimo.com\/#website","url":"https:\/\/viksimo.com\/","name":"Viksimo Escargots","description":"Viksimo Escargots Acheter Des Escargots","publisher":{"@id":"https:\/\/viksimo.com\/#organization"},"potentialAction":[{"@type":"SearchAction","target":{"@type":"EntryPoint","urlTemplate":"https:\/\/viksimo.com\/?s={search_term_string}"},"query-input":{"@type":"PropertyValueSpecification","valueRequired":true,"valueName":"search_term_string"}}],"inLanguage":"en-GB"},{"@type":"Organization","@id":"https:\/\/viksimo.com\/#organization","name":"Viksimo Escargots","url":"https:\/\/viksimo.com\/","logo":{"@type":"ImageObject","inLanguage":"en-GB","@id":"https:\/\/viksimo.com\/#\/schema\/logo\/image\/","url":"https:\/\/viksimo.com\/wp-content\/uploads\/2025\/04\/Viksimo-Escargots.jpg","contentUrl":"https:\/\/viksimo.com\/wp-content\/uploads\/2025\/04\/Viksimo-Escargots.jpg","width":1200,"height":1200,"caption":"Viksimo Escargots"},"image":{"@id":"https:\/\/viksimo.com\/#\/schema\/logo\/image\/"},"sameAs":["https:\/\/www.facebook.com\/Viksimoo","https:\/\/www.instagram.com\/Viksimoo"]}]}},"_links":{"self":[{"href":"https:\/\/viksimo.com\/en\/wp-json\/wp\/v2\/pages\/1120","targetHints":{"allow":["GET"]}}],"collection":[{"href":"https:\/\/viksimo.com\/en\/wp-json\/wp\/v2\/pages"}],"about":[{"href":"https:\/\/viksimo.com\/en\/wp-json\/wp\/v2\/types\/page"}],"author":[{"embeddable":true,"href":"https:\/\/viksimo.com\/en\/wp-json\/wp\/v2\/users\/2"}],"replies":[{"embeddable":true,"href":"https:\/\/viksimo.com\/en\/wp-json\/wp\/v2\/comments?post=1120"}],"version-history":[{"count":9,"href":"https:\/\/viksimo.com\/en\/wp-json\/wp\/v2\/pages\/1120\/revisions"}],"predecessor-version":[{"id":2515,"href":"https:\/\/viksimo.com\/en\/wp-json\/wp\/v2\/pages\/1120\/revisions\/2515"}],"up":[{"embeddable":true,"href":"https:\/\/viksimo.com\/en\/wp-json\/wp\/v2\/pages\/1020"}],"wp:attachment":[{"href":"https:\/\/viksimo.com\/en\/wp-json\/wp\/v2\/media?parent=1120"}],"curies":[{"name":"wp","href":"https:\/\/api.w.org\/{rel}","templated":true}]}}