{"id":313,"date":"2025-02-15T17:01:09","date_gmt":"2025-02-15T16:01:09","guid":{"rendered":"https:\/\/viksimo.grajnert.com\/?post_type=product&#038;p=313"},"modified":"2025-10-03T15:04:58","modified_gmt":"2025-10-03T13:04:58","slug":"escargots-vivants-petit-box-2kg","status":"publish","type":"product","link":"https:\/\/viksimo.com\/en\/acheter-des-escargots\/escargots-vivants-petit-box-2kg\/","title":{"rendered":"PETIT BOX &#8211; 2 KG ESCARGOTS VIVANTS"},"content":{"rendered":"<p>[et_pb_section fb_built=\u00a0\u00bb1&Prime; _builder_version=\u00a0\u00bb4.27.4&Prime; _module_preset=\u00a0\u00bbdefault\u00a0\u00bb global_colors_info=\u00a0\u00bb{}\u00a0\u00bb][\/et_pb_section]<\/p>","protected":false},"excerpt":{"rendered":"<p><strong data-start=\"115\" data-end=\"171\">_________________________<br \/>\n<\/strong><\/p>\n<ul>\n<li><strong data-start=\"115\" data-end=\"171\">Gros Gris (Helix Aspersa Maxima)<br \/>\n<\/strong><\/li>\n<li><strong data-start=\"115\" data-end=\"171\">2 KG SMALL BOX (150-200 snails)<\/strong><\/li>\n<li><strong>FREE SHIPPING<\/strong><\/li>\n<li><strong>PRODUCT OF EUROPE<\/strong><\/li>\n<li><strong data-start=\"72\" data-end=\"154\">Live hibernated snails, raised outdoors in natural parks.<\/strong><\/li>\n<\/ul>","protected":false},"featured_media":2142,"comment_status":"open","ping_status":"closed","template":"","meta":{"_et_pb_use_builder":"on","_et_pb_old_content":"<strong>Gros Gris (Helix Aspersa Maxima) 2 KG PETIT BOX (150-200 escargots)<\/strong>\r\n<p class=\"p1\"><strong>Description du produit:<\/strong> Escargots vivants en hibernation \u2013 D\u00e9couvrez la qualit\u00e9 exceptionnelle de nos escargots vivants en hibernation, Gros Gris (Helix Aspersa Maxima). R\u00e9put\u00e9s pour leur grande taille et leur go\u00fbt raffin\u00e9, ces escargots sont le choix id\u00e9al pour les passionn\u00e9s de cuisine et les fins gourmets.<\/p>\r\n<p data-start=\"499\" data-end=\"527\"><strong data-start=\"503\" data-end=\"525\">Caract\u00e9ristiques: <\/strong>\u25cf <strong data-start=\"530\" data-end=\"542\">Esp\u00e8ce:<\/strong> <strong>Gros Gris<\/strong> (Helix Aspersa Maxima). \u25cf <strong>Statut:<\/strong> En hibernation, garantissant une fra\u00eecheur optimale et un transport facilit\u00e9. \u25cf <strong>Environnement:<\/strong> \u00c9lev\u00e9s dans de vastes parcs naturels recr\u00e9ant leur habitat d\u2019origine. \u25cf<b> Alimentation:<\/b> Nourris avec des m\u00e9langes de c\u00e9r\u00e9ales naturelles soigneusement s\u00e9lectionn\u00e9es pour une chair d\u00e9licate et saine. \u25cf<b> Bien-\u00eatre:<\/b> \u00c9lev\u00e9s dans un environnement sans stress, avec un microclimat contr\u00f4l\u00e9 et optimal.<\/p>\r\n<p data-start=\"499\" data-end=\"527\"><b>Utilisation:<\/b> Parfaits pour la pr\u00e9paration de plats gastronomiques vari\u00e9s, nos escargots vivants en hibernation conviennent aussi bien \u00e0 la cuisine maison qu\u2019aux cuisines professionnelles. Ils peuvent \u00eatre facilement r\u00e9veill\u00e9s et cuisin\u00e9s selon vos recettes pr\u00e9f\u00e9r\u00e9es.<\/p>\r\n<p class=\"p1\"><b>Avantages: <\/b>\u25cf <strong>Haute qualit\u00e9:<\/strong> Nos escargots sont \u00e9lev\u00e9s avec le plus grand soin, garantissant une chair tendre et savoureuse. \u25cf <strong>Naturels et sains:<\/strong> Nourris avec des ingr\u00e9dients naturels et \u00e9lev\u00e9s sans stress, nos escargots repr\u00e9sentent une alternative saine pour vos cr\u00e9ations culinaires. \u25cf<b> Polyvalents:<\/b> Adapt\u00e9s \u00e0 une grande vari\u00e9t\u00e9 de plats, des recettes traditionnelles aux cr\u00e9ations gastronomiques innovantes.<\/p>\r\n<p class=\"p1\"><b>Stockage et transport: <\/b>Nos escargots en hibernation sont emball\u00e9s dans des caisses en bois bien ventil\u00e9es, assurant leur s\u00e9curit\u00e9 et leur fra\u00eecheur pendant le transport. Gr\u00e2ce \u00e0 l\u2019hibernation, les escargots arrivent chez vous en parfait \u00e9tat, pr\u00eats \u00e0 \u00eatre utilis\u00e9s. Nous n\u2019utilisons pas de services de messagerie externes (comme DHL, UPS, etc.). Pour la s\u00e9curit\u00e9 et le bien-\u00eatre de nos escargots, nous collaborons avec <strong data-start=\"2151\" data-end=\"2194\">notre propre service de livraison d\u00e9di\u00e9<\/strong>, qui assure la distribution dans toute la France. Cela nous permet de garder un contr\u00f4le total sur les conditions de transport et de garantir que vos escargots arrivent frais et en parfait \u00e9tat. Avant la livraison, vous recevrez un <strong data-start=\"2429\" data-end=\"2467\">SMS avec l\u2019heure estim\u00e9e d\u2019arriv\u00e9e<\/strong>, et notre livreur restera en contact avec vous jusqu\u2019\u00e0 la remise du colis.<\/p>\r\n<p class=\"\" data-start=\"2544\" data-end=\"2692\"><strong data-start=\"2544\" data-end=\"2692\">Merci de votre confiance et de votre compr\u00e9hension \u2014 tout ce que nous faisons, c\u2019est pour vous garantir le meilleur produit dans votre assiette.<\/strong><b><\/b><\/p>\r\n<p class=\"p1\"><b>Pourquoi nous choisir:<\/b> Nous sommes passionn\u00e9s par l\u2019\u00e9levage d\u2019escargots et d\u00e9termin\u00e9s \u00e0 offrir des produits de la plus haute qualit\u00e9. Notre engagement envers les m\u00e9thodes d\u2019\u00e9levage traditionnelles, combin\u00e9 \u00e0 des techniques modernes de soin, vous assure de recevoir des escargots d\u2019une qualit\u00e9 in\u00e9gal\u00e9e.<\/p>\r\nhttps:\/\/vimeo.com\/1068884677\/e118dcfa19?share=copy","_et_gb_content_width":""},"product_brand":[],"product_cat":[20,77],"product_tag":[],"class_list":{"0":"post-313","1":"product","2":"type-product","3":"status-publish","4":"has-post-thumbnail","6":"product_cat-uncategorized","7":"product_cat-escargots-vivants","9":"first","10":"outofstock","11":"purchasable","12":"product-type-simple"},"yoast_head":"<!-- This site is optimized with the Yoast SEO plugin v24.8.1 - https:\/\/yoast.com\/wordpress\/plugins\/seo\/ -->\n<title>Achetez des ESCARGOTS VIVANTS 2KG - Petit Box | Viksimo<\/title>\n<meta name=\"description\" content=\"D\u00e9couvrez notre Petit box de 2 kg d&#039;escargots vivants, \u00e9lev\u00e9s naturellement en Europe. Livraison gratuite et garantie de fra\u00eecheur. Achetez maintenant!\" \/>\n<meta name=\"robots\" content=\"index, follow, max-snippet:-1, max-image-preview:large, max-video-preview:-1\" \/>\n<link rel=\"canonical\" href=\"https:\/\/viksimo.com\/en\/acheter-des-escargots\/escargots-vivants-petit-box-2kg\/\" \/>\n<meta property=\"og:locale\" content=\"en_GB\" \/>\n<meta property=\"og:type\" content=\"article\" \/>\n<meta property=\"og:title\" content=\"Achetez des ESCARGOTS VIVANTS 2KG - Petit Box | Viksimo\" \/>\n<meta property=\"og:description\" content=\"D\u00e9couvrez notre Petit box de 2 kg d&#039;escargots vivants, \u00e9lev\u00e9s naturellement en Europe. Livraison gratuite et garantie de fra\u00eecheur. Achetez maintenant!\" \/>\n<meta property=\"og:url\" content=\"https:\/\/viksimo.com\/en\/acheter-des-escargots\/escargots-vivants-petit-box-2kg\/\" \/>\n<meta property=\"og:site_name\" content=\"Viksimo Escargots\" \/>\n<meta property=\"article:publisher\" content=\"https:\/\/www.facebook.com\/Viksimoo\" \/>\n<meta property=\"article:modified_time\" content=\"2025-10-03T13:04:58+00:00\" \/>\n<meta name=\"twitter:card\" content=\"summary_large_image\" \/>\n<meta name=\"twitter:image\" content=\"https:\/\/viksimo.com\/wp-content\/uploads\/2025\/04\/escargots-vivants-petit-box-2kg-1.webp\" \/>\n<meta name=\"twitter:label1\" content=\"Estimated reading time\" \/>\n\t<meta name=\"twitter:data1\" content=\"1 minute\" \/>\n<script type=\"application\/ld+json\" class=\"yoast-schema-graph\">{\"@context\":\"https:\/\/schema.org\",\"@graph\":[{\"@type\":\"WebPage\",\"@id\":\"https:\/\/viksimo.com\/acheter-des-escargots\/escargots-vivants-petit-box-2kg\/\",\"url\":\"https:\/\/viksimo.com\/acheter-des-escargots\/escargots-vivants-petit-box-2kg\/\",\"name\":\"Achetez des ESCARGOTS VIVANTS 2KG - Petit Box | Viksimo\",\"isPartOf\":{\"@id\":\"https:\/\/viksimo.com\/#website\"},\"primaryImageOfPage\":{\"@id\":\"https:\/\/viksimo.com\/acheter-des-escargots\/escargots-vivants-petit-box-2kg\/#primaryimage\"},\"image\":{\"@id\":\"https:\/\/viksimo.com\/acheter-des-escargots\/escargots-vivants-petit-box-2kg\/#primaryimage\"},\"thumbnailUrl\":\"https:\/\/viksimo.com\/wp-content\/uploads\/2025\/04\/escargots-vivants-petit-box-2kg-1.webp\",\"datePublished\":\"2025-02-15T16:01:09+00:00\",\"dateModified\":\"2025-10-03T13:04:58+00:00\",\"description\":\"D\u00e9couvrez notre Petit box de 2 kg d'escargots vivants, \u00e9lev\u00e9s naturellement en Europe. Livraison gratuite et garantie de fra\u00eecheur. Achetez maintenant!\",\"breadcrumb\":{\"@id\":\"https:\/\/viksimo.com\/acheter-des-escargots\/escargots-vivants-petit-box-2kg\/#breadcrumb\"},\"inLanguage\":\"en-GB\",\"potentialAction\":[{\"@type\":\"ReadAction\",\"target\":[\"https:\/\/viksimo.com\/acheter-des-escargots\/escargots-vivants-petit-box-2kg\/\"]}]},{\"@type\":\"ImageObject\",\"inLanguage\":\"en-GB\",\"@id\":\"https:\/\/viksimo.com\/acheter-des-escargots\/escargots-vivants-petit-box-2kg\/#primaryimage\",\"url\":\"https:\/\/viksimo.com\/wp-content\/uploads\/2025\/04\/escargots-vivants-petit-box-2kg-1.webp\",\"contentUrl\":\"https:\/\/viksimo.com\/wp-content\/uploads\/2025\/04\/escargots-vivants-petit-box-2kg-1.webp\",\"width\":1200,\"height\":1200,\"caption\":\"Petit Box \u2013 2 kg d'escargots vivants frais de qualit\u00e9 sup\u00e9rieure, Gros Gris\"},{\"@type\":\"BreadcrumbList\",\"@id\":\"https:\/\/viksimo.com\/acheter-des-escargots\/escargots-vivants-petit-box-2kg\/#breadcrumb\",\"itemListElement\":[{\"@type\":\"ListItem\",\"position\":1,\"name\":\"Home\",\"item\":\"https:\/\/viksimo.com\/\"},{\"@type\":\"ListItem\",\"position\":2,\"name\":\"ACHETER DES ESCARGOTS\",\"item\":\"https:\/\/viksimo.com\/acheter-des-escargots\/\"},{\"@type\":\"ListItem\",\"position\":3,\"name\":\"PETIT BOX &#8211; 2 KG ESCARGOTS VIVANTS\"}]},{\"@type\":\"WebSite\",\"@id\":\"https:\/\/viksimo.com\/#website\",\"url\":\"https:\/\/viksimo.com\/\",\"name\":\"Viksimo Escargots\",\"description\":\"Viksimo Escargots Acheter Des Escargots\",\"publisher\":{\"@id\":\"https:\/\/viksimo.com\/#organization\"},\"potentialAction\":[{\"@type\":\"SearchAction\",\"target\":{\"@type\":\"EntryPoint\",\"urlTemplate\":\"https:\/\/viksimo.com\/?s={search_term_string}\"},\"query-input\":{\"@type\":\"PropertyValueSpecification\",\"valueRequired\":true,\"valueName\":\"search_term_string\"}}],\"inLanguage\":\"en-GB\"},{\"@type\":\"Organization\",\"@id\":\"https:\/\/viksimo.com\/#organization\",\"name\":\"Viksimo Escargots\",\"url\":\"https:\/\/viksimo.com\/\",\"logo\":{\"@type\":\"ImageObject\",\"inLanguage\":\"en-GB\",\"@id\":\"https:\/\/viksimo.com\/#\/schema\/logo\/image\/\",\"url\":\"https:\/\/viksimo.com\/wp-content\/uploads\/2025\/04\/Viksimo-Escargots.jpg\",\"contentUrl\":\"https:\/\/viksimo.com\/wp-content\/uploads\/2025\/04\/Viksimo-Escargots.jpg\",\"width\":1200,\"height\":1200,\"caption\":\"Viksimo Escargots\"},\"image\":{\"@id\":\"https:\/\/viksimo.com\/#\/schema\/logo\/image\/\"},\"sameAs\":[\"https:\/\/www.facebook.com\/Viksimoo\",\"https:\/\/www.instagram.com\/Viksimoo\"]}]}<\/script>\n<!-- \/ Yoast SEO plugin. -->","yoast_head_json":{"title":"Achetez des ESCARGOTS VIVANTS 2KG - Petit Box | Viksimo","description":"D\u00e9couvrez notre Petit box de 2 kg d'escargots vivants, \u00e9lev\u00e9s naturellement en Europe. Livraison gratuite et garantie de fra\u00eecheur. Achetez maintenant!","robots":{"index":"index","follow":"follow","max-snippet":"max-snippet:-1","max-image-preview":"max-image-preview:large","max-video-preview":"max-video-preview:-1"},"canonical":"https:\/\/viksimo.com\/en\/acheter-des-escargots\/escargots-vivants-petit-box-2kg\/","og_locale":"en_GB","og_type":"article","og_title":"Achetez des ESCARGOTS VIVANTS 2KG - Petit Box | Viksimo","og_description":"D\u00e9couvrez notre Petit box de 2 kg d'escargots vivants, \u00e9lev\u00e9s naturellement en Europe. Livraison gratuite et garantie de fra\u00eecheur. Achetez maintenant!","og_url":"https:\/\/viksimo.com\/en\/acheter-des-escargots\/escargots-vivants-petit-box-2kg\/","og_site_name":"Viksimo Escargots","article_publisher":"https:\/\/www.facebook.com\/Viksimoo","article_modified_time":"2025-10-03T13:04:58+00:00","twitter_card":"summary_large_image","twitter_image":"https:\/\/viksimo.com\/wp-content\/uploads\/2025\/04\/escargots-vivants-petit-box-2kg-1.webp","twitter_misc":{"Estimated reading time":"1 minute"},"schema":{"@context":"https:\/\/schema.org","@graph":[{"@type":"WebPage","@id":"https:\/\/viksimo.com\/acheter-des-escargots\/escargots-vivants-petit-box-2kg\/","url":"https:\/\/viksimo.com\/acheter-des-escargots\/escargots-vivants-petit-box-2kg\/","name":"Achetez des ESCARGOTS VIVANTS 2KG - Petit Box | Viksimo","isPartOf":{"@id":"https:\/\/viksimo.com\/#website"},"primaryImageOfPage":{"@id":"https:\/\/viksimo.com\/acheter-des-escargots\/escargots-vivants-petit-box-2kg\/#primaryimage"},"image":{"@id":"https:\/\/viksimo.com\/acheter-des-escargots\/escargots-vivants-petit-box-2kg\/#primaryimage"},"thumbnailUrl":"https:\/\/viksimo.com\/wp-content\/uploads\/2025\/04\/escargots-vivants-petit-box-2kg-1.webp","datePublished":"2025-02-15T16:01:09+00:00","dateModified":"2025-10-03T13:04:58+00:00","description":"D\u00e9couvrez notre Petit box de 2 kg d'escargots vivants, \u00e9lev\u00e9s naturellement en Europe. Livraison gratuite et garantie de fra\u00eecheur. Achetez maintenant!","breadcrumb":{"@id":"https:\/\/viksimo.com\/acheter-des-escargots\/escargots-vivants-petit-box-2kg\/#breadcrumb"},"inLanguage":"en-GB","potentialAction":[{"@type":"ReadAction","target":["https:\/\/viksimo.com\/acheter-des-escargots\/escargots-vivants-petit-box-2kg\/"]}]},{"@type":"ImageObject","inLanguage":"en-GB","@id":"https:\/\/viksimo.com\/acheter-des-escargots\/escargots-vivants-petit-box-2kg\/#primaryimage","url":"https:\/\/viksimo.com\/wp-content\/uploads\/2025\/04\/escargots-vivants-petit-box-2kg-1.webp","contentUrl":"https:\/\/viksimo.com\/wp-content\/uploads\/2025\/04\/escargots-vivants-petit-box-2kg-1.webp","width":1200,"height":1200,"caption":"Petit Box \u2013 2 kg d'escargots vivants frais de qualit\u00e9 sup\u00e9rieure, Gros Gris"},{"@type":"BreadcrumbList","@id":"https:\/\/viksimo.com\/acheter-des-escargots\/escargots-vivants-petit-box-2kg\/#breadcrumb","itemListElement":[{"@type":"ListItem","position":1,"name":"Home","item":"https:\/\/viksimo.com\/"},{"@type":"ListItem","position":2,"name":"ACHETER DES ESCARGOTS","item":"https:\/\/viksimo.com\/acheter-des-escargots\/"},{"@type":"ListItem","position":3,"name":"PETIT BOX &#8211; 2 KG ESCARGOTS VIVANTS"}]},{"@type":"WebSite","@id":"https:\/\/viksimo.com\/#website","url":"https:\/\/viksimo.com\/","name":"Viksimo Escargots","description":"Viksimo Escargots Acheter Des Escargots","publisher":{"@id":"https:\/\/viksimo.com\/#organization"},"potentialAction":[{"@type":"SearchAction","target":{"@type":"EntryPoint","urlTemplate":"https:\/\/viksimo.com\/?s={search_term_string}"},"query-input":{"@type":"PropertyValueSpecification","valueRequired":true,"valueName":"search_term_string"}}],"inLanguage":"en-GB"},{"@type":"Organization","@id":"https:\/\/viksimo.com\/#organization","name":"Viksimo Escargots","url":"https:\/\/viksimo.com\/","logo":{"@type":"ImageObject","inLanguage":"en-GB","@id":"https:\/\/viksimo.com\/#\/schema\/logo\/image\/","url":"https:\/\/viksimo.com\/wp-content\/uploads\/2025\/04\/Viksimo-Escargots.jpg","contentUrl":"https:\/\/viksimo.com\/wp-content\/uploads\/2025\/04\/Viksimo-Escargots.jpg","width":1200,"height":1200,"caption":"Viksimo Escargots"},"image":{"@id":"https:\/\/viksimo.com\/#\/schema\/logo\/image\/"},"sameAs":["https:\/\/www.facebook.com\/Viksimoo","https:\/\/www.instagram.com\/Viksimoo"]}]}},"_links":{"self":[{"href":"https:\/\/viksimo.com\/en\/wp-json\/wp\/v2\/product\/313","targetHints":{"allow":["GET"]}}],"collection":[{"href":"https:\/\/viksimo.com\/en\/wp-json\/wp\/v2\/product"}],"about":[{"href":"https:\/\/viksimo.com\/en\/wp-json\/wp\/v2\/types\/product"}],"replies":[{"embeddable":true,"href":"https:\/\/viksimo.com\/en\/wp-json\/wp\/v2\/comments?post=313"}],"wp:featuredmedia":[{"embeddable":true,"href":"https:\/\/viksimo.com\/en\/wp-json\/wp\/v2\/media\/2142"}],"wp:attachment":[{"href":"https:\/\/viksimo.com\/en\/wp-json\/wp\/v2\/media?parent=313"}],"wp:term":[{"taxonomy":"product_brand","embeddable":true,"href":"https:\/\/viksimo.com\/en\/wp-json\/wp\/v2\/product_brand?post=313"},{"taxonomy":"product_cat","embeddable":true,"href":"https:\/\/viksimo.com\/en\/wp-json\/wp\/v2\/product_cat?post=313"},{"taxonomy":"product_tag","embeddable":true,"href":"https:\/\/viksimo.com\/en\/wp-json\/wp\/v2\/product_tag?post=313"}],"curies":[{"name":"wp","href":"https:\/\/api.w.org\/{rel}","templated":true}]}}