{"id":386,"date":"2025-03-17T23:04:28","date_gmt":"2025-03-17T22:04:28","guid":{"rendered":"https:\/\/viksimo.grajnert.com\/?post_type=product&#038;p=386"},"modified":"2025-10-03T15:04:43","modified_gmt":"2025-10-03T13:04:43","slug":"escargots-vivants-famille-box-5kg","status":"publish","type":"product","link":"https:\/\/viksimo.com\/en\/acheter-des-escargots\/escargots-vivants-famille-box-5kg\/","title":{"rendered":"FAMILLE BOX  &#8211; 5 KG ESCARGOTS VIVANTS"},"content":{"rendered":"<p class=\"p1\"><b>GROS GIRS (Helix Aspersa Maxima) 5 kg FAMILLY BOX <strong data-start=\"115\" data-end=\"171\">(375\u2013500 snails)<\/strong><\/b><\/p>\n<p class=\"p1\"><strong>Product Description:<\/strong><br \/>\nLive hibernated snail - Discover the exceptional quality of our hibernated live snails, Gros Gris (Helix Aspersa Maxima).<br \/>\nKnown for their remarkable size and exquisite taste, these snails are the perfect choice for culinary enthusiasts and gourmands.<\/p>\n<p data-start=\"499\" data-end=\"527\"><strong data-start=\"503\" data-end=\"525\">Features:<br \/>\n<\/strong>\u25cf <strong data-start=\"530\" data-end=\"542\">Species:<\/strong> <strong>Gros Gris<\/strong> (Helix Aspersa Maxima).<br \/>\n\u25cf <strong>Status:<\/strong> Hibernated, ensuring optimal freshness and ease of transport.<br \/>\n\u25cf <strong>Environment:<\/strong> Raised in natural, spacious parks that mimic their natural habitat.<br \/>\n\u25cf<b> Diet:<\/b> Fed with carefully selected mixes of natural grains to achieve delicate and healthy meat.<br \/>\n\u25cf<b> Care:<\/b> Grown in a stress-free environment with optimal microclimatic conditions.<\/p>\n<p data-start=\"499\" data-end=\"527\"><b>Uses:<\/b><br \/>\nPerfect for preparing various gourmet dishes, our hibernated live snails are ideal for both home cooking and professional kitchens. The snails can be easily revived and cooked according to your favorite recipes.<\/p>\n<p class=\"p1\"><b>Benefits:<br \/>\n<\/b>\u25cf <strong>High Quality:<\/strong> Our snails are raised with the utmost care, ensuring the highest quality of their meat, which is tender and tasty.<br \/>\n\u25cf <strong>Natural and Healthy:<\/strong> Fed with natural ingredients and raised in a stress-free environment, our snails are a healthy alternative for your culinary creations.<br \/>\n\u25cf<b> Versatile:<\/b> Suitable for a wide range of dishes, from traditional escargots to innovative gastronomic delights.<\/p>\n<p class=\"p1\"><b>Storage and Transport:<br \/>\n<\/b>Our hibernated snails are packed in well-ventilated wooden crates, ensuring their safety and freshness during transport. Thanks to hibernation, the snails arrive at your home in perfect condition, ready to use. We do not use external courier services (such as DHL, UPS, etc.). For the safety and well-being of our snails, we work with <strong data-start=\"2151\" data-end=\"2194\">our own dedicated delivery service<\/strong>, which handles deliveries throughout France. This allows us to maintain full control over transport conditions and ensure your snails arrive fresh and in perfect condition. Before delivery, you will receive a <strong data-start=\"2429\" data-end=\"2467\">text message with the estimated time of arrival<\/strong>, and our driver will stay in contact with you until the package is delivered.<\/p>\n<p class=\"\" data-start=\"2544\" data-end=\"2692\"><strong data-start=\"2544\" data-end=\"2692\">Thank you for your trust and understanding \u2014 everything we do is to guarantee the best product on your plate.<\/strong><b><\/b><\/p>\n<p class=\"p1\"><b>Why choose us:<\/b><br \/>\nWe are passionate about snail farming and committed to delivering products of the highest quality. Our dedication to traditional farming methods, combined with modern care techniques, ensures that you receive snails of unmatched quality.<\/p>\n<p><iframe loading=\"lazy\" title=\"FAMILLY BOX - 5KG\" src=\"https:\/\/player.vimeo.com\/video\/1068885650?h=295ebb33ca&amp;dnt=1&amp;app_id=122963\" width=\"758\" height=\"1000\" frameborder=\"0\" allow=\"autoplay; fullscreen; picture-in-picture; clipboard-write; encrypted-media\"><\/iframe><\/p>","protected":false},"excerpt":{"rendered":"<p><strong data-start=\"115\" data-end=\"171\">_________________________<br \/>\n<\/strong><\/p>\n<ul>\n<li><strong data-start=\"115\" data-end=\"171\">Gros Gris (Helix Aspersa Maxima)<br \/>\n<\/strong><\/li>\n<li><strong data-start=\"115\" data-end=\"171\">5 kg FAMILLY BOX (375\u2013500 snails)<\/strong><\/li>\n<li><strong>FREE SHIPPING<\/strong><\/li>\n<li><strong>PRODUCT OF EUROPE<\/strong><\/li>\n<li><strong data-start=\"72\" data-end=\"154\">Live hibernated snails, raised outdoors in natural parks.<\/strong><\/li>\n<\/ul>","protected":false},"featured_media":2145,"comment_status":"open","ping_status":"closed","template":"","meta":{"_et_pb_use_builder":"on","_et_pb_old_content":"<p class=\"p1\"><b>GROS GIRS (Helix Aspersa Maxima) 5 kg FAMILLE BOX <strong data-start=\"115\" data-end=\"171\">(375\u2013500 escargots)<\/strong><\/b><\/p>\r\n<p class=\"p1\"><strong>Description du produit:<\/strong>\r\nEscargots vivants en hibernation \u2013 D\u00e9couvrez la qualit\u00e9 exceptionnelle de nos escargots vivants en hibernation, Gros Gris (Helix Aspersa Maxima).\r\nR\u00e9put\u00e9s pour leur grande taille et leur go\u00fbt raffin\u00e9, ces escargots sont le choix id\u00e9al pour les passionn\u00e9s de cuisine et les fins gourmets.<\/p>\r\n<p data-start=\"499\" data-end=\"527\"><strong data-start=\"503\" data-end=\"525\">Caract\u00e9ristiques:\r\n<\/strong>\u25cf <strong data-start=\"530\" data-end=\"542\">Esp\u00e8ce:<\/strong> <strong>Gros Gris<\/strong> (Helix Aspersa Maxima).\r\n\u25cf <strong>Statut:<\/strong> En hibernation, garantissant une fra\u00eecheur optimale et un transport facilit\u00e9.\r\n\u25cf <strong>Environnement:<\/strong> \u00c9lev\u00e9s dans de vastes parcs naturels recr\u00e9ant leur habitat d\u2019origine.\r\n\u25cf<b> Alimentation:<\/b> Nourris avec des m\u00e9langes de c\u00e9r\u00e9ales naturelles soigneusement s\u00e9lectionn\u00e9es pour une chair d\u00e9licate et saine.\r\n\u25cf<b> Bien-\u00eatre:<\/b> \u00c9lev\u00e9s dans un environnement sans stress, avec un microclimat contr\u00f4l\u00e9 et optimal.<\/p>\r\n<p data-start=\"499\" data-end=\"527\"><b>Utilisation:<\/b>\r\nParfaits pour la pr\u00e9paration de plats gastronomiques vari\u00e9s, nos escargots vivants en hibernation conviennent aussi bien \u00e0 la cuisine maison qu\u2019aux cuisines professionnelles. Ils peuvent \u00eatre facilement r\u00e9veill\u00e9s et cuisin\u00e9s selon vos recettes pr\u00e9f\u00e9r\u00e9es.<\/p>\r\n<p class=\"p1\"><b>Avantages:\r\n<\/b>\u25cf <strong>Haute qualit\u00e9:<\/strong> Nos escargots sont \u00e9lev\u00e9s avec le plus grand soin, garantissant une chair tendre et savoureuse.\r\n\u25cf <strong>Naturels et sains:<\/strong> Nourris avec des ingr\u00e9dients naturels et \u00e9lev\u00e9s sans stress, nos escargots repr\u00e9sentent une alternative saine pour vos cr\u00e9ations culinaires.\r\n\u25cf<b> Polyvalents:<\/b> Adapt\u00e9s \u00e0 une grande vari\u00e9t\u00e9 de plats, des recettes traditionnelles aux cr\u00e9ations gastronomiques innovantes.<\/p>\r\n<p class=\"p1\"><b>Stockage et transport:\r\n<\/b>Nos escargots en hibernation sont emball\u00e9s dans des caisses en bois bien ventil\u00e9es, assurant leur s\u00e9curit\u00e9 et leur fra\u00eecheur pendant le transport. Gr\u00e2ce \u00e0 l\u2019hibernation, les escargots arrivent chez vous en parfait \u00e9tat, pr\u00eats \u00e0 \u00eatre utilis\u00e9s. Nous n\u2019utilisons pas de services de messagerie externes (comme DHL, UPS, etc.). Pour la s\u00e9curit\u00e9 et le bien-\u00eatre de nos escargots, nous collaborons avec <strong data-start=\"2151\" data-end=\"2194\">notre propre service de livraison d\u00e9di\u00e9<\/strong>, qui assure la distribution dans toute la France. Cela nous permet de garder un contr\u00f4le total sur les conditions de transport et de garantir que vos escargots arrivent frais et en parfait \u00e9tat. Avant la livraison, vous recevrez un <strong data-start=\"2429\" data-end=\"2467\">SMS avec l\u2019heure estim\u00e9e d\u2019arriv\u00e9e<\/strong>, et notre livreur restera en contact avec vous jusqu\u2019\u00e0 la remise du colis.<\/p>\r\n<p class=\"\" data-start=\"2544\" data-end=\"2692\"><strong data-start=\"2544\" data-end=\"2692\">Merci de votre confiance et de votre compr\u00e9hension \u2014 tout ce que nous faisons, c\u2019est pour vous garantir le meilleur produit dans votre assiette.<\/strong><b><\/b><\/p>\r\n<p class=\"p1\"><b>Pourquoi nous choisir:<\/b>\r\nNous sommes passionn\u00e9s par l\u2019\u00e9levage d\u2019escargots et d\u00e9termin\u00e9s \u00e0 offrir des produits de la plus haute qualit\u00e9. Notre engagement envers les m\u00e9thodes d\u2019\u00e9levage traditionnelles, combin\u00e9 \u00e0 des techniques modernes de soin, vous assure de recevoir des escargots d\u2019une qualit\u00e9 in\u00e9gal\u00e9e.<\/p>\r\n[embed]https:\/\/vimeo.com\/1068885650\/295ebb33ca?share=copy[\/embed]","_et_gb_content_width":""},"product_brand":[],"product_cat":[20,77],"product_tag":[],"class_list":{"0":"post-386","1":"product","2":"type-product","3":"status-publish","4":"has-post-thumbnail","6":"product_cat-uncategorized","7":"product_cat-escargots-vivants","9":"first","10":"outofstock","11":"sale","12":"purchasable","13":"product-type-simple"},"yoast_head":"<!-- This site is optimized with the Yoast SEO plugin v24.8.1 - https:\/\/yoast.com\/wordpress\/plugins\/seo\/ -->\n<title>Achetez des ESCARGOTS VIVANTS 5KG - Famille Box | Viksimo<\/title>\n<meta name=\"description\" content=\"D\u00e9couvrez notre Famille box de 5 kg d&#039;escargots vivants, \u00e9lev\u00e9s naturellement en Europe. Livraison gratuite et garantie de fra\u00eecheur. Achetez maintenant!\" \/>\n<meta name=\"robots\" content=\"index, follow, max-snippet:-1, max-image-preview:large, max-video-preview:-1\" \/>\n<link rel=\"canonical\" href=\"https:\/\/viksimo.com\/en\/acheter-des-escargots\/escargots-vivants-famille-box-5kg\/\" \/>\n<meta property=\"og:locale\" content=\"en_GB\" \/>\n<meta property=\"og:type\" content=\"article\" \/>\n<meta property=\"og:title\" content=\"Achetez des ESCARGOTS VIVANTS 5KG - Famille Box | Viksimo\" \/>\n<meta property=\"og:description\" content=\"D\u00e9couvrez notre Famille box de 5 kg d&#039;escargots vivants, \u00e9lev\u00e9s naturellement en Europe. Livraison gratuite et garantie de fra\u00eecheur. Achetez maintenant!\" \/>\n<meta property=\"og:url\" content=\"https:\/\/viksimo.com\/en\/acheter-des-escargots\/escargots-vivants-famille-box-5kg\/\" \/>\n<meta property=\"og:site_name\" content=\"Viksimo Escargots\" \/>\n<meta property=\"article:publisher\" content=\"https:\/\/www.facebook.com\/Viksimoo\" \/>\n<meta property=\"article:modified_time\" content=\"2025-10-03T13:04:43+00:00\" \/>\n<meta property=\"og:image\" content=\"https:\/\/viksimo.com\/wp-content\/uploads\/2025\/04\/escargots-vivants-famille-box-5kg-2.webp\" \/>\n\t<meta property=\"og:image:width\" content=\"1200\" \/>\n\t<meta property=\"og:image:height\" content=\"1200\" \/>\n\t<meta property=\"og:image:type\" content=\"image\/webp\" \/>\n<meta name=\"twitter:card\" content=\"summary_large_image\" \/>\n<meta name=\"twitter:label1\" content=\"Estimated reading time\" \/>\n\t<meta name=\"twitter:data1\" content=\"2 minutes\" \/>\n<script type=\"application\/ld+json\" class=\"yoast-schema-graph\">{\"@context\":\"https:\/\/schema.org\",\"@graph\":[{\"@type\":\"WebPage\",\"@id\":\"https:\/\/viksimo.com\/acheter-des-escargots\/escargots-vivants-famille-box-5kg\/\",\"url\":\"https:\/\/viksimo.com\/acheter-des-escargots\/escargots-vivants-famille-box-5kg\/\",\"name\":\"Achetez des ESCARGOTS VIVANTS 5KG - Famille Box | Viksimo\",\"isPartOf\":{\"@id\":\"https:\/\/viksimo.com\/#website\"},\"primaryImageOfPage\":{\"@id\":\"https:\/\/viksimo.com\/acheter-des-escargots\/escargots-vivants-famille-box-5kg\/#primaryimage\"},\"image\":{\"@id\":\"https:\/\/viksimo.com\/acheter-des-escargots\/escargots-vivants-famille-box-5kg\/#primaryimage\"},\"thumbnailUrl\":\"https:\/\/viksimo.com\/wp-content\/uploads\/2025\/04\/escargots-vivants-famille-box-5kg-2.webp\",\"datePublished\":\"2025-03-17T22:04:28+00:00\",\"dateModified\":\"2025-10-03T13:04:43+00:00\",\"description\":\"D\u00e9couvrez notre Famille box de 5 kg d'escargots vivants, \u00e9lev\u00e9s naturellement en Europe. Livraison gratuite et garantie de fra\u00eecheur. Achetez maintenant!\",\"breadcrumb\":{\"@id\":\"https:\/\/viksimo.com\/acheter-des-escargots\/escargots-vivants-famille-box-5kg\/#breadcrumb\"},\"inLanguage\":\"en-GB\",\"potentialAction\":[{\"@type\":\"ReadAction\",\"target\":[\"https:\/\/viksimo.com\/acheter-des-escargots\/escargots-vivants-famille-box-5kg\/\"]}]},{\"@type\":\"ImageObject\",\"inLanguage\":\"en-GB\",\"@id\":\"https:\/\/viksimo.com\/acheter-des-escargots\/escargots-vivants-famille-box-5kg\/#primaryimage\",\"url\":\"https:\/\/viksimo.com\/wp-content\/uploads\/2025\/04\/escargots-vivants-famille-box-5kg-2.webp\",\"contentUrl\":\"https:\/\/viksimo.com\/wp-content\/uploads\/2025\/04\/escargots-vivants-famille-box-5kg-2.webp\",\"width\":1200,\"height\":1200,\"caption\":\"Famille Box \u2013 5 kg d'escargots vivants frais de qualit\u00e9 sup\u00e9rieure, Gros Gris\"},{\"@type\":\"BreadcrumbList\",\"@id\":\"https:\/\/viksimo.com\/acheter-des-escargots\/escargots-vivants-famille-box-5kg\/#breadcrumb\",\"itemListElement\":[{\"@type\":\"ListItem\",\"position\":1,\"name\":\"Home\",\"item\":\"https:\/\/viksimo.com\/\"},{\"@type\":\"ListItem\",\"position\":2,\"name\":\"ACHETER DES ESCARGOTS\",\"item\":\"https:\/\/viksimo.com\/acheter-des-escargots\/\"},{\"@type\":\"ListItem\",\"position\":3,\"name\":\"FAMILLE BOX &#8211; 5 KG ESCARGOTS VIVANTS\"}]},{\"@type\":\"WebSite\",\"@id\":\"https:\/\/viksimo.com\/#website\",\"url\":\"https:\/\/viksimo.com\/\",\"name\":\"Viksimo Escargots\",\"description\":\"Viksimo Escargots Acheter Des Escargots\",\"publisher\":{\"@id\":\"https:\/\/viksimo.com\/#organization\"},\"potentialAction\":[{\"@type\":\"SearchAction\",\"target\":{\"@type\":\"EntryPoint\",\"urlTemplate\":\"https:\/\/viksimo.com\/?s={search_term_string}\"},\"query-input\":{\"@type\":\"PropertyValueSpecification\",\"valueRequired\":true,\"valueName\":\"search_term_string\"}}],\"inLanguage\":\"en-GB\"},{\"@type\":\"Organization\",\"@id\":\"https:\/\/viksimo.com\/#organization\",\"name\":\"Viksimo Escargots\",\"url\":\"https:\/\/viksimo.com\/\",\"logo\":{\"@type\":\"ImageObject\",\"inLanguage\":\"en-GB\",\"@id\":\"https:\/\/viksimo.com\/#\/schema\/logo\/image\/\",\"url\":\"https:\/\/viksimo.com\/wp-content\/uploads\/2025\/04\/Viksimo-Escargots.jpg\",\"contentUrl\":\"https:\/\/viksimo.com\/wp-content\/uploads\/2025\/04\/Viksimo-Escargots.jpg\",\"width\":1200,\"height\":1200,\"caption\":\"Viksimo Escargots\"},\"image\":{\"@id\":\"https:\/\/viksimo.com\/#\/schema\/logo\/image\/\"},\"sameAs\":[\"https:\/\/www.facebook.com\/Viksimoo\",\"https:\/\/www.instagram.com\/Viksimoo\"]}]}<\/script>\n<!-- \/ Yoast SEO plugin. -->","yoast_head_json":{"title":"Achetez des ESCARGOTS VIVANTS 5KG - Famille Box | Viksimo","description":"D\u00e9couvrez notre Famille box de 5 kg d'escargots vivants, \u00e9lev\u00e9s naturellement en Europe. Livraison gratuite et garantie de fra\u00eecheur. Achetez maintenant!","robots":{"index":"index","follow":"follow","max-snippet":"max-snippet:-1","max-image-preview":"max-image-preview:large","max-video-preview":"max-video-preview:-1"},"canonical":"https:\/\/viksimo.com\/en\/acheter-des-escargots\/escargots-vivants-famille-box-5kg\/","og_locale":"en_GB","og_type":"article","og_title":"Achetez des ESCARGOTS VIVANTS 5KG - Famille Box | Viksimo","og_description":"D\u00e9couvrez notre Famille box de 5 kg d'escargots vivants, \u00e9lev\u00e9s naturellement en Europe. Livraison gratuite et garantie de fra\u00eecheur. Achetez maintenant!","og_url":"https:\/\/viksimo.com\/en\/acheter-des-escargots\/escargots-vivants-famille-box-5kg\/","og_site_name":"Viksimo Escargots","article_publisher":"https:\/\/www.facebook.com\/Viksimoo","article_modified_time":"2025-10-03T13:04:43+00:00","og_image":[{"width":1200,"height":1200,"url":"https:\/\/viksimo.com\/wp-content\/uploads\/2025\/04\/escargots-vivants-famille-box-5kg-2.webp","type":"image\/webp"}],"twitter_card":"summary_large_image","twitter_misc":{"Estimated reading time":"2 minutes"},"schema":{"@context":"https:\/\/schema.org","@graph":[{"@type":"WebPage","@id":"https:\/\/viksimo.com\/acheter-des-escargots\/escargots-vivants-famille-box-5kg\/","url":"https:\/\/viksimo.com\/acheter-des-escargots\/escargots-vivants-famille-box-5kg\/","name":"Achetez des ESCARGOTS VIVANTS 5KG - Famille Box | Viksimo","isPartOf":{"@id":"https:\/\/viksimo.com\/#website"},"primaryImageOfPage":{"@id":"https:\/\/viksimo.com\/acheter-des-escargots\/escargots-vivants-famille-box-5kg\/#primaryimage"},"image":{"@id":"https:\/\/viksimo.com\/acheter-des-escargots\/escargots-vivants-famille-box-5kg\/#primaryimage"},"thumbnailUrl":"https:\/\/viksimo.com\/wp-content\/uploads\/2025\/04\/escargots-vivants-famille-box-5kg-2.webp","datePublished":"2025-03-17T22:04:28+00:00","dateModified":"2025-10-03T13:04:43+00:00","description":"D\u00e9couvrez notre Famille box de 5 kg d'escargots vivants, \u00e9lev\u00e9s naturellement en Europe. Livraison gratuite et garantie de fra\u00eecheur. Achetez maintenant!","breadcrumb":{"@id":"https:\/\/viksimo.com\/acheter-des-escargots\/escargots-vivants-famille-box-5kg\/#breadcrumb"},"inLanguage":"en-GB","potentialAction":[{"@type":"ReadAction","target":["https:\/\/viksimo.com\/acheter-des-escargots\/escargots-vivants-famille-box-5kg\/"]}]},{"@type":"ImageObject","inLanguage":"en-GB","@id":"https:\/\/viksimo.com\/acheter-des-escargots\/escargots-vivants-famille-box-5kg\/#primaryimage","url":"https:\/\/viksimo.com\/wp-content\/uploads\/2025\/04\/escargots-vivants-famille-box-5kg-2.webp","contentUrl":"https:\/\/viksimo.com\/wp-content\/uploads\/2025\/04\/escargots-vivants-famille-box-5kg-2.webp","width":1200,"height":1200,"caption":"Famille Box \u2013 5 kg d'escargots vivants frais de qualit\u00e9 sup\u00e9rieure, Gros Gris"},{"@type":"BreadcrumbList","@id":"https:\/\/viksimo.com\/acheter-des-escargots\/escargots-vivants-famille-box-5kg\/#breadcrumb","itemListElement":[{"@type":"ListItem","position":1,"name":"Home","item":"https:\/\/viksimo.com\/"},{"@type":"ListItem","position":2,"name":"ACHETER DES ESCARGOTS","item":"https:\/\/viksimo.com\/acheter-des-escargots\/"},{"@type":"ListItem","position":3,"name":"FAMILLE BOX &#8211; 5 KG ESCARGOTS VIVANTS"}]},{"@type":"WebSite","@id":"https:\/\/viksimo.com\/#website","url":"https:\/\/viksimo.com\/","name":"Viksimo Escargots","description":"Viksimo Escargots Acheter Des Escargots","publisher":{"@id":"https:\/\/viksimo.com\/#organization"},"potentialAction":[{"@type":"SearchAction","target":{"@type":"EntryPoint","urlTemplate":"https:\/\/viksimo.com\/?s={search_term_string}"},"query-input":{"@type":"PropertyValueSpecification","valueRequired":true,"valueName":"search_term_string"}}],"inLanguage":"en-GB"},{"@type":"Organization","@id":"https:\/\/viksimo.com\/#organization","name":"Viksimo Escargots","url":"https:\/\/viksimo.com\/","logo":{"@type":"ImageObject","inLanguage":"en-GB","@id":"https:\/\/viksimo.com\/#\/schema\/logo\/image\/","url":"https:\/\/viksimo.com\/wp-content\/uploads\/2025\/04\/Viksimo-Escargots.jpg","contentUrl":"https:\/\/viksimo.com\/wp-content\/uploads\/2025\/04\/Viksimo-Escargots.jpg","width":1200,"height":1200,"caption":"Viksimo Escargots"},"image":{"@id":"https:\/\/viksimo.com\/#\/schema\/logo\/image\/"},"sameAs":["https:\/\/www.facebook.com\/Viksimoo","https:\/\/www.instagram.com\/Viksimoo"]}]}},"_links":{"self":[{"href":"https:\/\/viksimo.com\/en\/wp-json\/wp\/v2\/product\/386","targetHints":{"allow":["GET"]}}],"collection":[{"href":"https:\/\/viksimo.com\/en\/wp-json\/wp\/v2\/product"}],"about":[{"href":"https:\/\/viksimo.com\/en\/wp-json\/wp\/v2\/types\/product"}],"replies":[{"embeddable":true,"href":"https:\/\/viksimo.com\/en\/wp-json\/wp\/v2\/comments?post=386"}],"wp:featuredmedia":[{"embeddable":true,"href":"https:\/\/viksimo.com\/en\/wp-json\/wp\/v2\/media\/2145"}],"wp:attachment":[{"href":"https:\/\/viksimo.com\/en\/wp-json\/wp\/v2\/media?parent=386"}],"wp:term":[{"taxonomy":"product_brand","embeddable":true,"href":"https:\/\/viksimo.com\/en\/wp-json\/wp\/v2\/product_brand?post=386"},{"taxonomy":"product_cat","embeddable":true,"href":"https:\/\/viksimo.com\/en\/wp-json\/wp\/v2\/product_cat?post=386"},{"taxonomy":"product_tag","embeddable":true,"href":"https:\/\/viksimo.com\/en\/wp-json\/wp\/v2\/product_tag?post=386"}],"curies":[{"name":"wp","href":"https:\/\/api.w.org\/{rel}","templated":true}]}}